{"id":7,"date":"2017-05-24T18:24:19","date_gmt":"2017-05-24T18:24:19","guid":{"rendered":"https:\/\/1800restaurante.com\/?page_id=7"},"modified":"2019-08-08T13:05:32","modified_gmt":"2019-08-08T17:05:32","slug":"bienvenidos-nuestro-sitio-oficial","status":"publish","type":"page","link":"https:\/\/1800restaurante.com\/es\/","title":{"rendered":"Cocina cubana tradicional e internacional."},"content":{"rendered":"<div class=\"twitter-share\"><a href=\"https:\/\/twitter.com\/intent\/tweet?via=1800restaurante\" class=\"twitter-share-button\" data-size=\"large\">Twittear<\/a><\/div>\n\n<h1>Restaurante 1800. Plaza San Juan de Dios, Camaguey, Cuba<\/h1>\n<h2>Nos complace compartir con ustedes esta maravillosa noticia: NUESTRO RESTAURANTE 1800 HA OBTENIDO EL CERTIFICADO DE EXCELENCIA 2018 que otorga TripAdvisor!!!<\/p>\n<div id=\"TA_certificateOfExcellence827\" class=\"TA_certificateOfExcellence\">\n<ul id=\"06R9Qv4F\" class=\"TA_links wTCA2ETUD\">\n<li id=\"J6dKK0b6xZZt\" class=\"JxnELusFOb4a\"><a target=\"_blank\" href=\"https:\/\/www.tripadvisor.com\/Restaurant_Review-g147272-d3294043-Reviews-Restaurant_1800-Camaguey_Camaguey_Province_Cuba.html\" rel=\"noopener noreferrer\"><img decoding=\"async\" src=\"https:\/\/www.tripadvisor.com\/img\/cdsi\/img2\/awards\/CoE2017_WidgetAsset-14348-2.png\" alt=\"TripAdvisor\" class=\"widCOEImg\" id=\"CDSWIDCOELOGO\"\/><\/a><\/li>\n<\/ul>\n<\/div>\n<p><script async src=\"https:\/\/www.jscache.com\/wejs?wtype=certificateOfExcellence&amp;uniq=827&amp;locationId=3294043&amp;lang=en_US&amp;year=2018&amp;display_version=2\"><\/script><\/h2>\n<p>El <strong>Restaurante 1800<\/strong> se encuentra ubicado en la Plaza de San Juan de Dios, uno de los espacios m\u00e1s encantadores y emblem\u00e1ticos del Centro Hist\u00f3rico de Camag\u00fcey; declarado por la UNESCO Patrimonio Cultural de la Humanidad el 7 de julio de 2008. <img loading=\"lazy\" decoding=\"async\" class=\"alignright size-medium wp-image-55\" src=\"https:\/\/1800restaurante.com\/wp-content\/uploads\/2017\/05\/IMG_7207-300x221.jpg\" alt=\"Restaurante 1800. Plaza San Juan de Dios, Camaguey, Cuba\" width=\"300\" height=\"221\" srcset=\"https:\/\/1800restaurante.com\/wp-content\/uploads\/2017\/05\/IMG_7207-300x221.jpg 300w, https:\/\/1800restaurante.com\/wp-content\/uploads\/2017\/05\/IMG_7207-768x565.jpg 768w, https:\/\/1800restaurante.com\/wp-content\/uploads\/2017\/05\/IMG_7207-1024x753.jpg 1024w, https:\/\/1800restaurante.com\/wp-content\/uploads\/2017\/05\/IMG_7207-1x1.jpg 1w, https:\/\/1800restaurante.com\/wp-content\/uploads\/2017\/05\/IMG_7207.jpg 1920w\" sizes=\"auto, (max-width: 300px) 100vw, 300px\" \/><br \/>\nEn \u00e9l, sus visitantes pueden degustar diversos platos de la comida cubana e internacional, que incluyen gran variedad de tapas, mariscos, pescados, carnes y vegetales; entre otras opciones. Cuenta adem\u00e1s con un men\u00fa para vegetarianos y una surtida carta de c\u00f3cteles, bebidas espirituosas, cervezas y vinos.<br \/>\nSu slogan, Estilo e Historia, define y sintetiza la esencia del sitio; donde la armon\u00eda con el ambiente colonial de la Plaza, la presencia de objetos antiguos y las cualidades expresivas de materiales aut\u00f3ctonos, se asocian de forma \u00fanica con su exquisita oferta culinaria y la calidad del servicio, para ofrecerle una velada inolvidable.<br \/>\nEsta simbiosis infalible, Estilo e Historia, son las razones que le garantizan siempre un feliz retorno al Restaurante 1800.","protected":false},"excerpt":{"rendered":"<p>Restaurante 1800. Plaza San Juan de Dios, Camaguey, Cuba Nos complace compartir con ustedes esta maravillosa noticia: NUESTRO RESTAURANTE 1800 HA OBTENIDO EL CERTIFICADO DE EXCELENCIA 2018 que otorga TripAdvisor!!! El Restaurante 1800 se encuentra ubicado en la Plaza de San Juan de Dios, uno de los espacios m\u00e1s encantadores y emblem\u00e1ticos del Centro Hist\u00f3rico [&hellip;]<\/p>\n","protected":false},"author":1,"featured_media":0,"parent":0,"menu_order":0,"comment_status":"closed","ping_status":"closed","template":"","meta":{"ngg_post_thumbnail":0,"footnotes":""},"class_list":["post-7","page","type-page","status-publish","hentry"],"yoast_head":"<!-- This site is optimized with the Yoast SEO plugin v21.7 - https:\/\/yoast.com\/wordpress\/plugins\/seo\/ -->\n<title>Restaurante 1800 ubicado en San Juan de Dios. Camaguey, Cuba<\/title>\n<meta name=\"description\" content=\"El Restaurante 1800 se encuentra ubicado en la Plaza de San Juan de Dios, Camaguey, Cuba. Nos especializamos en comida regional, tradicional e internacional\" \/>\n<meta name=\"robots\" content=\"index, follow, max-snippet:-1, max-image-preview:large, max-video-preview:-1\" \/>\n<link rel=\"canonical\" href=\"https:\/\/1800restaurante.com\/\" \/>\n<meta property=\"og:locale\" content=\"es_ES\" \/>\n<meta property=\"og:type\" content=\"article\" \/>\n<meta property=\"og:title\" content=\"Restaurante 1800 ubicado en San Juan de Dios. Camaguey, Cuba\" \/>\n<meta property=\"og:description\" content=\"El Restaurante 1800 se encuentra ubicado en la Plaza de San Juan de Dios, Camaguey, Cuba. Nos especializamos en comida regional, tradicional e internacional\" \/>\n<meta property=\"og:url\" content=\"https:\/\/1800restaurante.com\/\" \/>\n<meta property=\"og:site_name\" content=\"Restaurante 1800. Camaguey, Cuba\" \/>\n<meta property=\"article:publisher\" content=\"https:\/\/www.facebook.com\/restaurant1800\/\" \/>\n<meta property=\"article:modified_time\" content=\"2019-08-08T17:05:32+00:00\" \/>\n<meta property=\"og:image\" content=\"https:\/\/www.tripadvisor.com\/img\/cdsi\/img2\/awards\/CoE2017_WidgetAsset-14348-2.png\" \/>\n<meta name=\"twitter:card\" content=\"summary_large_image\" \/>\n<meta name=\"twitter:site\" content=\"@1800Restaurante\" \/>\n<meta name=\"twitter:label1\" content=\"Tiempo de lectura\" \/>\n\t<meta name=\"twitter:data1\" content=\"3 minutos\" \/>\n<script type=\"application\/ld+json\" class=\"yoast-schema-graph\">{\"@context\":\"https:\/\/schema.org\",\"@graph\":[{\"@type\":\"WebPage\",\"@id\":\"https:\/\/1800restaurante.com\/\",\"url\":\"https:\/\/1800restaurante.com\/\",\"name\":\"Restaurante 1800 ubicado en San Juan de Dios. Camaguey, Cuba\",\"isPartOf\":{\"@id\":\"https:\/\/1800restaurante.com\/#website\"},\"datePublished\":\"2017-05-24T18:24:19+00:00\",\"dateModified\":\"2019-08-08T17:05:32+00:00\",\"description\":\"El Restaurante 1800 se encuentra ubicado en la Plaza de San Juan de Dios, Camaguey, Cuba. Nos especializamos en comida regional, tradicional e internacional\",\"breadcrumb\":{\"@id\":\"https:\/\/1800restaurante.com\/#breadcrumb\"},\"inLanguage\":\"es\",\"potentialAction\":[{\"@type\":\"ReadAction\",\"target\":[\"https:\/\/1800restaurante.com\/\"]}]},{\"@type\":\"BreadcrumbList\",\"@id\":\"https:\/\/1800restaurante.com\/#breadcrumb\",\"itemListElement\":[{\"@type\":\"ListItem\",\"position\":1,\"name\":\"Home\",\"item\":\"https:\/\/1800restaurante.com\/\"},{\"@type\":\"ListItem\",\"position\":2,\"name\":\"Cocina cubana tradicional e internacional.\"}]},{\"@type\":\"WebSite\",\"@id\":\"https:\/\/1800restaurante.com\/#website\",\"url\":\"https:\/\/1800restaurante.com\/\",\"name\":\"Restaurante 1800. Camaguey, Cuba\",\"description\":\"Style and history\",\"publisher\":{\"@id\":\"https:\/\/1800restaurante.com\/#organization\"},\"potentialAction\":[{\"@type\":\"SearchAction\",\"target\":{\"@type\":\"EntryPoint\",\"urlTemplate\":\"https:\/\/1800restaurante.com\/?s={search_term_string}\"},\"query-input\":\"required name=search_term_string\"}],\"inLanguage\":\"es\"},{\"@type\":\"Organization\",\"@id\":\"https:\/\/1800restaurante.com\/#organization\",\"name\":\"Restaurante 1800\",\"url\":\"https:\/\/1800restaurante.com\/\",\"logo\":{\"@type\":\"ImageObject\",\"inLanguage\":\"es\",\"@id\":\"https:\/\/1800restaurante.com\/#\/schema\/logo\/image\/\",\"url\":\"https:\/\/1800restaurante.com\/wp-content\/uploads\/2017\/05\/logo.png\",\"contentUrl\":\"https:\/\/1800restaurante.com\/wp-content\/uploads\/2017\/05\/logo.png\",\"width\":224,\"height\":200,\"caption\":\"Restaurante 1800\"},\"image\":{\"@id\":\"https:\/\/1800restaurante.com\/#\/schema\/logo\/image\/\"},\"sameAs\":[\"https:\/\/www.facebook.com\/restaurant1800\/\",\"https:\/\/twitter.com\/1800Restaurante\",\"https:\/\/www.instagram.com\/restaurante1800\",\"https:\/\/www.linkedin.com\/company-beta\/24775434\/\",\"https:\/\/www.youtube.com\/channel\/UChTXSI8n1f-Dd-n_CtqXHfA\"]}]}<\/script>\n<!-- \/ Yoast SEO plugin. -->","yoast_head_json":{"title":"Restaurante 1800 ubicado en San Juan de Dios. Camaguey, Cuba","description":"El Restaurante 1800 se encuentra ubicado en la Plaza de San Juan de Dios, Camaguey, Cuba. Nos especializamos en comida regional, tradicional e internacional","robots":{"index":"index","follow":"follow","max-snippet":"max-snippet:-1","max-image-preview":"max-image-preview:large","max-video-preview":"max-video-preview:-1"},"canonical":"https:\/\/1800restaurante.com\/","og_locale":"es_ES","og_type":"article","og_title":"Restaurante 1800 ubicado en San Juan de Dios. Camaguey, Cuba","og_description":"El Restaurante 1800 se encuentra ubicado en la Plaza de San Juan de Dios, Camaguey, Cuba. Nos especializamos en comida regional, tradicional e internacional","og_url":"https:\/\/1800restaurante.com\/","og_site_name":"Restaurante 1800. Camaguey, Cuba","article_publisher":"https:\/\/www.facebook.com\/restaurant1800\/","article_modified_time":"2019-08-08T17:05:32+00:00","og_image":[{"url":"https:\/\/www.tripadvisor.com\/img\/cdsi\/img2\/awards\/CoE2017_WidgetAsset-14348-2.png"}],"twitter_card":"summary_large_image","twitter_site":"@1800Restaurante","twitter_misc":{"Tiempo de lectura":"3 minutos"},"schema":{"@context":"https:\/\/schema.org","@graph":[{"@type":"WebPage","@id":"https:\/\/1800restaurante.com\/","url":"https:\/\/1800restaurante.com\/","name":"Restaurante 1800 ubicado en San Juan de Dios. Camaguey, Cuba","isPartOf":{"@id":"https:\/\/1800restaurante.com\/#website"},"datePublished":"2017-05-24T18:24:19+00:00","dateModified":"2019-08-08T17:05:32+00:00","description":"El Restaurante 1800 se encuentra ubicado en la Plaza de San Juan de Dios, Camaguey, Cuba. Nos especializamos en comida regional, tradicional e internacional","breadcrumb":{"@id":"https:\/\/1800restaurante.com\/#breadcrumb"},"inLanguage":"es","potentialAction":[{"@type":"ReadAction","target":["https:\/\/1800restaurante.com\/"]}]},{"@type":"BreadcrumbList","@id":"https:\/\/1800restaurante.com\/#breadcrumb","itemListElement":[{"@type":"ListItem","position":1,"name":"Home","item":"https:\/\/1800restaurante.com\/"},{"@type":"ListItem","position":2,"name":"Cocina cubana tradicional e internacional."}]},{"@type":"WebSite","@id":"https:\/\/1800restaurante.com\/#website","url":"https:\/\/1800restaurante.com\/","name":"Restaurante 1800. Camaguey, Cuba","description":"Style and history","publisher":{"@id":"https:\/\/1800restaurante.com\/#organization"},"potentialAction":[{"@type":"SearchAction","target":{"@type":"EntryPoint","urlTemplate":"https:\/\/1800restaurante.com\/?s={search_term_string}"},"query-input":"required name=search_term_string"}],"inLanguage":"es"},{"@type":"Organization","@id":"https:\/\/1800restaurante.com\/#organization","name":"Restaurante 1800","url":"https:\/\/1800restaurante.com\/","logo":{"@type":"ImageObject","inLanguage":"es","@id":"https:\/\/1800restaurante.com\/#\/schema\/logo\/image\/","url":"https:\/\/1800restaurante.com\/wp-content\/uploads\/2017\/05\/logo.png","contentUrl":"https:\/\/1800restaurante.com\/wp-content\/uploads\/2017\/05\/logo.png","width":224,"height":200,"caption":"Restaurante 1800"},"image":{"@id":"https:\/\/1800restaurante.com\/#\/schema\/logo\/image\/"},"sameAs":["https:\/\/www.facebook.com\/restaurant1800\/","https:\/\/twitter.com\/1800Restaurante","https:\/\/www.instagram.com\/restaurante1800","https:\/\/www.linkedin.com\/company-beta\/24775434\/","https:\/\/www.youtube.com\/channel\/UChTXSI8n1f-Dd-n_CtqXHfA"]}]}},"_links":{"self":[{"href":"https:\/\/1800restaurante.com\/es\/wp-json\/wp\/v2\/pages\/7","targetHints":{"allow":["GET"]}}],"collection":[{"href":"https:\/\/1800restaurante.com\/es\/wp-json\/wp\/v2\/pages"}],"about":[{"href":"https:\/\/1800restaurante.com\/es\/wp-json\/wp\/v2\/types\/page"}],"author":[{"embeddable":true,"href":"https:\/\/1800restaurante.com\/es\/wp-json\/wp\/v2\/users\/1"}],"replies":[{"embeddable":true,"href":"https:\/\/1800restaurante.com\/es\/wp-json\/wp\/v2\/comments?post=7"}],"version-history":[{"count":10,"href":"https:\/\/1800restaurante.com\/es\/wp-json\/wp\/v2\/pages\/7\/revisions"}],"predecessor-version":[{"id":378,"href":"https:\/\/1800restaurante.com\/es\/wp-json\/wp\/v2\/pages\/7\/revisions\/378"}],"wp:attachment":[{"href":"https:\/\/1800restaurante.com\/es\/wp-json\/wp\/v2\/media?parent=7"}],"curies":[{"name":"wp","href":"https:\/\/api.w.org\/{rel}","templated":true}]}}