{"id":159,"date":"2017-07-12T10:23:02","date_gmt":"2017-07-12T14:23:02","guid":{"rendered":"https:\/\/1800restaurante.com\/happy-hour\/"},"modified":"2017-07-12T11:10:18","modified_gmt":"2017-07-12T15:10:18","slug":"happy-hour","status":"publish","type":"page","link":"https:\/\/1800restaurante.com\/es\/happy-hour\/","title":{"rendered":"Happy Hour"},"content":{"rendered":"\n<div class=\"twitter-share\"><a href=\"https:\/\/twitter.com\/intent\/tweet?via=1800restaurante\" class=\"twitter-share-button\" data-size=\"large\">Twittear<\/a><\/div>\n<p>Opci\u00f3n que brinda al cliente la posibilidad de adquirir dos c\u00f3cteles por el precio de uno, amenizado por m\u00fasica tradicional en vivo y otras sorpresas. Todos los d\u00edas de 5:00-7:00 pm.<br \/>\n<!-- default-view.php -->\n<div\n\tclass=\"ngg-galleryoverview default-view \n\t ngg-ajax-pagination-none\t\"\n\tid=\"ngg-gallery-2a589293c9786bc66c69ef528aeb793a-1\">\n\n\t\t<!-- Thumbnails -->\n\t\t\t\t<div id=\"ngg-image-0\" class=\"ngg-gallery-thumbnail-box \n\t\t\t\t\t\t\t\t\t\t\t\" \n\t\t\t>\n\t\t\t\t\t\t<div class=\"ngg-gallery-thumbnail\">\n\t\t\t<a href=\"https:\/\/1800restaurante.com\/wp-content\/gallery\/happy-hour\/IMG_4975.JPG\"\n\t\t\t\ttitle=\"\"\n\t\t\t\tdata-src=\"https:\/\/1800restaurante.com\/wp-content\/gallery\/happy-hour\/IMG_4975.JPG\"\n\t\t\t\tdata-thumbnail=\"https:\/\/1800restaurante.com\/wp-content\/gallery\/happy-hour\/thumbs\/thumbs_IMG_4975.JPG\"\n\t\t\t\tdata-image-id=\"1\"\n\t\t\t\tdata-title=\"IMG_4975\"\n\t\t\t\tdata-description=\"\"\n\t\t\t\tdata-image-slug=\"img_4975\"\n\t\t\t\tclass=\"ngg-fancybox\" rel=\"2a589293c9786bc66c69ef528aeb793a\">\n\t\t\t\t<img\n\t\t\t\t\ttitle=\"IMG_4975\"\n\t\t\t\t\talt=\"IMG_4975\"\n\t\t\t\t\tsrc=\"https:\/\/1800restaurante.com\/wp-content\/gallery\/happy-hour\/thumbs\/thumbs_IMG_4975.JPG\"\n\t\t\t\t\twidth=\"240\"\n\t\t\t\t\theight=\"160\"\n\t\t\t\t\tstyle=\"max-width:100%;\"\n\t\t\t\t\/>\n\t\t\t<\/a>\n\t\t<\/div>\n\t\t\t\t\t\t\t<\/div> \n\t\t\t\n\t\t\t\t<div id=\"ngg-image-1\" class=\"ngg-gallery-thumbnail-box \n\t\t\t\t\t\t\t\t\t\t\t\" \n\t\t\t>\n\t\t\t\t\t\t<div class=\"ngg-gallery-thumbnail\">\n\t\t\t<a href=\"https:\/\/1800restaurante.com\/wp-content\/gallery\/happy-hour\/IMG_4980.JPG\"\n\t\t\t\ttitle=\"\"\n\t\t\t\tdata-src=\"https:\/\/1800restaurante.com\/wp-content\/gallery\/happy-hour\/IMG_4980.JPG\"\n\t\t\t\tdata-thumbnail=\"https:\/\/1800restaurante.com\/wp-content\/gallery\/happy-hour\/thumbs\/thumbs_IMG_4980.JPG\"\n\t\t\t\tdata-image-id=\"2\"\n\t\t\t\tdata-title=\"IMG_4980\"\n\t\t\t\tdata-description=\"\"\n\t\t\t\tdata-image-slug=\"img_4980\"\n\t\t\t\tclass=\"ngg-fancybox\" rel=\"2a589293c9786bc66c69ef528aeb793a\">\n\t\t\t\t<img\n\t\t\t\t\ttitle=\"IMG_4980\"\n\t\t\t\t\talt=\"IMG_4980\"\n\t\t\t\t\tsrc=\"https:\/\/1800restaurante.com\/wp-content\/gallery\/happy-hour\/thumbs\/thumbs_IMG_4980.JPG\"\n\t\t\t\t\twidth=\"240\"\n\t\t\t\t\theight=\"160\"\n\t\t\t\t\tstyle=\"max-width:100%;\"\n\t\t\t\t\/>\n\t\t\t<\/a>\n\t\t<\/div>\n\t\t\t\t\t\t\t<\/div> \n\t\t\t\n\t\t\t\t<div id=\"ngg-image-2\" class=\"ngg-gallery-thumbnail-box \n\t\t\t\t\t\t\t\t\t\t\t\" \n\t\t\t>\n\t\t\t\t\t\t<div class=\"ngg-gallery-thumbnail\">\n\t\t\t<a href=\"https:\/\/1800restaurante.com\/wp-content\/gallery\/happy-hour\/IMG_4984.JPG\"\n\t\t\t\ttitle=\"\"\n\t\t\t\tdata-src=\"https:\/\/1800restaurante.com\/wp-content\/gallery\/happy-hour\/IMG_4984.JPG\"\n\t\t\t\tdata-thumbnail=\"https:\/\/1800restaurante.com\/wp-content\/gallery\/happy-hour\/thumbs\/thumbs_IMG_4984.JPG\"\n\t\t\t\tdata-image-id=\"3\"\n\t\t\t\tdata-title=\"IMG_4984\"\n\t\t\t\tdata-description=\"\"\n\t\t\t\tdata-image-slug=\"img_4984\"\n\t\t\t\tclass=\"ngg-fancybox\" rel=\"2a589293c9786bc66c69ef528aeb793a\">\n\t\t\t\t<img\n\t\t\t\t\ttitle=\"IMG_4984\"\n\t\t\t\t\talt=\"IMG_4984\"\n\t\t\t\t\tsrc=\"https:\/\/1800restaurante.com\/wp-content\/gallery\/happy-hour\/thumbs\/thumbs_IMG_4984.JPG\"\n\t\t\t\t\twidth=\"240\"\n\t\t\t\t\theight=\"160\"\n\t\t\t\t\tstyle=\"max-width:100%;\"\n\t\t\t\t\/>\n\t\t\t<\/a>\n\t\t<\/div>\n\t\t\t\t\t\t\t<\/div> \n\t\t\t\n\t\t\t\t<div id=\"ngg-image-3\" class=\"ngg-gallery-thumbnail-box \n\t\t\t\t\t\t\t\t\t\t\t\" \n\t\t\t>\n\t\t\t\t\t\t<div class=\"ngg-gallery-thumbnail\">\n\t\t\t<a href=\"https:\/\/1800restaurante.com\/wp-content\/gallery\/happy-hour\/IMG_20160318_182802.jpg\"\n\t\t\t\ttitle=\"\"\n\t\t\t\tdata-src=\"https:\/\/1800restaurante.com\/wp-content\/gallery\/happy-hour\/IMG_20160318_182802.jpg\"\n\t\t\t\tdata-thumbnail=\"https:\/\/1800restaurante.com\/wp-content\/gallery\/happy-hour\/thumbs\/thumbs_IMG_20160318_182802.jpg\"\n\t\t\t\tdata-image-id=\"4\"\n\t\t\t\tdata-title=\"IMG_20160318_182802\"\n\t\t\t\tdata-description=\"\"\n\t\t\t\tdata-image-slug=\"img_20160318_182802\"\n\t\t\t\tclass=\"ngg-fancybox\" rel=\"2a589293c9786bc66c69ef528aeb793a\">\n\t\t\t\t<img\n\t\t\t\t\ttitle=\"IMG_20160318_182802\"\n\t\t\t\t\talt=\"IMG_20160318_182802\"\n\t\t\t\t\tsrc=\"https:\/\/1800restaurante.com\/wp-content\/gallery\/happy-hour\/thumbs\/thumbs_IMG_20160318_182802.jpg\"\n\t\t\t\t\twidth=\"240\"\n\t\t\t\t\theight=\"160\"\n\t\t\t\t\tstyle=\"max-width:100%;\"\n\t\t\t\t\/>\n\t\t\t<\/a>\n\t\t<\/div>\n\t\t\t\t\t\t\t<\/div> \n\t\t\t\n\t\n\t<br style=\"clear: both\" \/>\n\n\t\t<div class=\"slideshowlink\">\n\t\t<a href='https:\/\/1800restaurante.com\/es\/happy-hour\/nggallery\/slideshow'>[Show slideshow]<\/a>\n\t\t\n\t<\/div>\n\t\n\t\t<!-- Pagination -->\n\t\t<div class='ngg-clear'><\/div>\t<\/div>\n\n","protected":false},"excerpt":{"rendered":"<p>Opci\u00f3n que brinda al cliente la posibilidad de adquirir dos c\u00f3cteles por el precio de uno, amenizado por m\u00fasica tradicional en vivo y otras sorpresas. Todos los d\u00edas de 5:00-7:00 pm.<\/p>\n","protected":false},"author":2,"featured_media":0,"parent":0,"menu_order":0,"comment_status":"closed","ping_status":"closed","template":"","meta":{"ngg_post_thumbnail":0,"footnotes":""},"class_list":["post-159","page","type-page","status-publish","hentry"],"yoast_head":"<!-- This site is optimized with the Yoast SEO plugin v21.7 - https:\/\/yoast.com\/wordpress\/plugins\/seo\/ -->\n<title>Pagas un coctel y te tomas dos! Nuestro Happy Hour es genial!<\/title>\n<meta name=\"robots\" content=\"index, follow, max-snippet:-1, max-image-preview:large, max-video-preview:-1\" \/>\n<link rel=\"canonical\" href=\"https:\/\/1800restaurante.com\/happy-hour\/\" \/>\n<meta property=\"og:locale\" content=\"es_ES\" \/>\n<meta property=\"og:type\" content=\"article\" \/>\n<meta property=\"og:title\" content=\"Pagas un coctel y te tomas dos! Nuestro Happy Hour es genial!\" \/>\n<meta property=\"og:description\" content=\"Opci\u00f3n que brinda al cliente la posibilidad de adquirir dos c\u00f3cteles por el precio de uno, amenizado por m\u00fasica tradicional en vivo y otras sorpresas. Todos los d\u00edas de 5:00-7:00 pm.\" \/>\n<meta property=\"og:url\" content=\"https:\/\/1800restaurante.com\/happy-hour\/\" \/>\n<meta property=\"og:site_name\" content=\"Restaurante 1800. Camaguey, Cuba\" \/>\n<meta property=\"article:publisher\" content=\"https:\/\/www.facebook.com\/restaurant1800\/\" \/>\n<meta property=\"article:modified_time\" content=\"2017-07-12T15:10:18+00:00\" \/>\n<meta name=\"twitter:card\" content=\"summary_large_image\" \/>\n<meta name=\"twitter:site\" content=\"@1800Restaurante\" \/>\n<script type=\"application\/ld+json\" class=\"yoast-schema-graph\">{\"@context\":\"https:\/\/schema.org\",\"@graph\":[{\"@type\":\"WebPage\",\"@id\":\"https:\/\/1800restaurante.com\/happy-hour\/\",\"url\":\"https:\/\/1800restaurante.com\/happy-hour\/\",\"name\":\"Pagas un coctel y te tomas dos! Nuestro Happy Hour es genial!\",\"isPartOf\":{\"@id\":\"https:\/\/1800restaurante.com\/#website\"},\"datePublished\":\"2017-07-12T14:23:02+00:00\",\"dateModified\":\"2017-07-12T15:10:18+00:00\",\"breadcrumb\":{\"@id\":\"https:\/\/1800restaurante.com\/happy-hour\/#breadcrumb\"},\"inLanguage\":\"es\",\"potentialAction\":[{\"@type\":\"ReadAction\",\"target\":[\"https:\/\/1800restaurante.com\/happy-hour\/\"]}]},{\"@type\":\"BreadcrumbList\",\"@id\":\"https:\/\/1800restaurante.com\/happy-hour\/#breadcrumb\",\"itemListElement\":[{\"@type\":\"ListItem\",\"position\":1,\"name\":\"Home\",\"item\":\"https:\/\/1800restaurante.com\/\"},{\"@type\":\"ListItem\",\"position\":2,\"name\":\"Happy Hour\"}]},{\"@type\":\"WebSite\",\"@id\":\"https:\/\/1800restaurante.com\/#website\",\"url\":\"https:\/\/1800restaurante.com\/\",\"name\":\"Restaurante 1800. Camaguey, Cuba\",\"description\":\"Style and history\",\"publisher\":{\"@id\":\"https:\/\/1800restaurante.com\/#organization\"},\"potentialAction\":[{\"@type\":\"SearchAction\",\"target\":{\"@type\":\"EntryPoint\",\"urlTemplate\":\"https:\/\/1800restaurante.com\/?s={search_term_string}\"},\"query-input\":\"required name=search_term_string\"}],\"inLanguage\":\"es\"},{\"@type\":\"Organization\",\"@id\":\"https:\/\/1800restaurante.com\/#organization\",\"name\":\"Restaurante 1800\",\"url\":\"https:\/\/1800restaurante.com\/\",\"logo\":{\"@type\":\"ImageObject\",\"inLanguage\":\"es\",\"@id\":\"https:\/\/1800restaurante.com\/#\/schema\/logo\/image\/\",\"url\":\"https:\/\/1800restaurante.com\/wp-content\/uploads\/2017\/05\/logo.png\",\"contentUrl\":\"https:\/\/1800restaurante.com\/wp-content\/uploads\/2017\/05\/logo.png\",\"width\":224,\"height\":200,\"caption\":\"Restaurante 1800\"},\"image\":{\"@id\":\"https:\/\/1800restaurante.com\/#\/schema\/logo\/image\/\"},\"sameAs\":[\"https:\/\/www.facebook.com\/restaurant1800\/\",\"https:\/\/twitter.com\/1800Restaurante\",\"https:\/\/www.instagram.com\/restaurante1800\",\"https:\/\/www.linkedin.com\/company-beta\/24775434\/\",\"https:\/\/www.youtube.com\/channel\/UChTXSI8n1f-Dd-n_CtqXHfA\"]}]}<\/script>\n<!-- \/ Yoast SEO plugin. -->","yoast_head_json":{"title":"Pagas un coctel y te tomas dos! Nuestro Happy Hour es genial!","robots":{"index":"index","follow":"follow","max-snippet":"max-snippet:-1","max-image-preview":"max-image-preview:large","max-video-preview":"max-video-preview:-1"},"canonical":"https:\/\/1800restaurante.com\/happy-hour\/","og_locale":"es_ES","og_type":"article","og_title":"Pagas un coctel y te tomas dos! Nuestro Happy Hour es genial!","og_description":"Opci\u00f3n que brinda al cliente la posibilidad de adquirir dos c\u00f3cteles por el precio de uno, amenizado por m\u00fasica tradicional en vivo y otras sorpresas. Todos los d\u00edas de 5:00-7:00 pm.","og_url":"https:\/\/1800restaurante.com\/happy-hour\/","og_site_name":"Restaurante 1800. Camaguey, Cuba","article_publisher":"https:\/\/www.facebook.com\/restaurant1800\/","article_modified_time":"2017-07-12T15:10:18+00:00","twitter_card":"summary_large_image","twitter_site":"@1800Restaurante","schema":{"@context":"https:\/\/schema.org","@graph":[{"@type":"WebPage","@id":"https:\/\/1800restaurante.com\/happy-hour\/","url":"https:\/\/1800restaurante.com\/happy-hour\/","name":"Pagas un coctel y te tomas dos! Nuestro Happy Hour es genial!","isPartOf":{"@id":"https:\/\/1800restaurante.com\/#website"},"datePublished":"2017-07-12T14:23:02+00:00","dateModified":"2017-07-12T15:10:18+00:00","breadcrumb":{"@id":"https:\/\/1800restaurante.com\/happy-hour\/#breadcrumb"},"inLanguage":"es","potentialAction":[{"@type":"ReadAction","target":["https:\/\/1800restaurante.com\/happy-hour\/"]}]},{"@type":"BreadcrumbList","@id":"https:\/\/1800restaurante.com\/happy-hour\/#breadcrumb","itemListElement":[{"@type":"ListItem","position":1,"name":"Home","item":"https:\/\/1800restaurante.com\/"},{"@type":"ListItem","position":2,"name":"Happy Hour"}]},{"@type":"WebSite","@id":"https:\/\/1800restaurante.com\/#website","url":"https:\/\/1800restaurante.com\/","name":"Restaurante 1800. Camaguey, Cuba","description":"Style and history","publisher":{"@id":"https:\/\/1800restaurante.com\/#organization"},"potentialAction":[{"@type":"SearchAction","target":{"@type":"EntryPoint","urlTemplate":"https:\/\/1800restaurante.com\/?s={search_term_string}"},"query-input":"required name=search_term_string"}],"inLanguage":"es"},{"@type":"Organization","@id":"https:\/\/1800restaurante.com\/#organization","name":"Restaurante 1800","url":"https:\/\/1800restaurante.com\/","logo":{"@type":"ImageObject","inLanguage":"es","@id":"https:\/\/1800restaurante.com\/#\/schema\/logo\/image\/","url":"https:\/\/1800restaurante.com\/wp-content\/uploads\/2017\/05\/logo.png","contentUrl":"https:\/\/1800restaurante.com\/wp-content\/uploads\/2017\/05\/logo.png","width":224,"height":200,"caption":"Restaurante 1800"},"image":{"@id":"https:\/\/1800restaurante.com\/#\/schema\/logo\/image\/"},"sameAs":["https:\/\/www.facebook.com\/restaurant1800\/","https:\/\/twitter.com\/1800Restaurante","https:\/\/www.instagram.com\/restaurante1800","https:\/\/www.linkedin.com\/company-beta\/24775434\/","https:\/\/www.youtube.com\/channel\/UChTXSI8n1f-Dd-n_CtqXHfA"]}]}},"_links":{"self":[{"href":"https:\/\/1800restaurante.com\/es\/wp-json\/wp\/v2\/pages\/159","targetHints":{"allow":["GET"]}}],"collection":[{"href":"https:\/\/1800restaurante.com\/es\/wp-json\/wp\/v2\/pages"}],"about":[{"href":"https:\/\/1800restaurante.com\/es\/wp-json\/wp\/v2\/types\/page"}],"author":[{"embeddable":true,"href":"https:\/\/1800restaurante.com\/es\/wp-json\/wp\/v2\/users\/2"}],"replies":[{"embeddable":true,"href":"https:\/\/1800restaurante.com\/es\/wp-json\/wp\/v2\/comments?post=159"}],"version-history":[{"count":1,"href":"https:\/\/1800restaurante.com\/es\/wp-json\/wp\/v2\/pages\/159\/revisions"}],"predecessor-version":[{"id":161,"href":"https:\/\/1800restaurante.com\/es\/wp-json\/wp\/v2\/pages\/159\/revisions\/161"}],"wp:attachment":[{"href":"https:\/\/1800restaurante.com\/es\/wp-json\/wp\/v2\/media?parent=159"}],"curies":[{"name":"wp","href":"https:\/\/api.w.org\/{rel}","templated":true}]}}