{"id":231,"date":"2017-07-13T11:23:26","date_gmt":"2017-07-13T15:23:26","guid":{"rendered":"https:\/\/1800restaurante.com\/bar\/"},"modified":"2017-07-13T11:24:02","modified_gmt":"2017-07-13T15:24:02","slug":"bar","status":"publish","type":"page","link":"https:\/\/1800restaurante.com\/de\/bar\/","title":{"rendered":"Bar"},"content":{"rendered":"\n<div class=\"twitter-share\"><a href=\"https:\/\/twitter.com\/intent\/tweet?via=1800restaurante\" class=\"twitter-share-button\" data-size=\"large\">Twittern<\/a><\/div>\n<p>Se precia el Restaurante 1800 de contar con la barra m\u00e1s larga de un restaurante privado en el interior del pa\u00eds. Distinguen su oferta una bien surtida carta, donde abundan c\u00f3cteles, bebidas espirituosas, cervezas y vinos; complementada por la destreza de su barman y la calidad de los productos utilizados.<br \/>\n<!-- default-view.php -->\n<div\n\tclass=\"ngg-galleryoverview default-view \n\t ngg-ajax-pagination-none\t\"\n\tid=\"ngg-gallery-1703ae42abbe0357913d44f26cb609a5-1\">\n\n\t\t<!-- Thumbnails -->\n\t\t\t\t<div id=\"ngg-image-0\" class=\"ngg-gallery-thumbnail-box \n\t\t\t\t\t\t\t\t\t\t\t\" \n\t\t\t>\n\t\t\t\t\t\t<div class=\"ngg-gallery-thumbnail\">\n\t\t\t<a href=\"https:\/\/1800restaurante.com\/wp-content\/gallery\/bar\/1.JPG\"\n\t\t\t\ttitle=\"\"\n\t\t\t\tdata-src=\"https:\/\/1800restaurante.com\/wp-content\/gallery\/bar\/1.JPG\"\n\t\t\t\tdata-thumbnail=\"https:\/\/1800restaurante.com\/wp-content\/gallery\/bar\/thumbs\/thumbs_1.JPG\"\n\t\t\t\tdata-image-id=\"9\"\n\t\t\t\tdata-title=\"1\"\n\t\t\t\tdata-description=\"\"\n\t\t\t\tdata-image-slug=\"1\"\n\t\t\t\tclass=\"ngg-fancybox\" rel=\"1703ae42abbe0357913d44f26cb609a5\">\n\t\t\t\t<img\n\t\t\t\t\ttitle=\"1\"\n\t\t\t\t\talt=\"1\"\n\t\t\t\t\tsrc=\"https:\/\/1800restaurante.com\/wp-content\/gallery\/bar\/thumbs\/thumbs_1.JPG\"\n\t\t\t\t\twidth=\"240\"\n\t\t\t\t\theight=\"160\"\n\t\t\t\t\tstyle=\"max-width:100%;\"\n\t\t\t\t\/>\n\t\t\t<\/a>\n\t\t<\/div>\n\t\t\t\t\t\t\t<\/div> \n\t\t\t\n\t\t\t\t<div id=\"ngg-image-1\" class=\"ngg-gallery-thumbnail-box \n\t\t\t\t\t\t\t\t\t\t\t\" \n\t\t\t>\n\t\t\t\t\t\t<div class=\"ngg-gallery-thumbnail\">\n\t\t\t<a href=\"https:\/\/1800restaurante.com\/wp-content\/gallery\/bar\/2.JPG\"\n\t\t\t\ttitle=\"\"\n\t\t\t\tdata-src=\"https:\/\/1800restaurante.com\/wp-content\/gallery\/bar\/2.JPG\"\n\t\t\t\tdata-thumbnail=\"https:\/\/1800restaurante.com\/wp-content\/gallery\/bar\/thumbs\/thumbs_2.JPG\"\n\t\t\t\tdata-image-id=\"10\"\n\t\t\t\tdata-title=\"2\"\n\t\t\t\tdata-description=\"\"\n\t\t\t\tdata-image-slug=\"2\"\n\t\t\t\tclass=\"ngg-fancybox\" rel=\"1703ae42abbe0357913d44f26cb609a5\">\n\t\t\t\t<img\n\t\t\t\t\ttitle=\"2\"\n\t\t\t\t\talt=\"2\"\n\t\t\t\t\tsrc=\"https:\/\/1800restaurante.com\/wp-content\/gallery\/bar\/thumbs\/thumbs_2.JPG\"\n\t\t\t\t\twidth=\"240\"\n\t\t\t\t\theight=\"160\"\n\t\t\t\t\tstyle=\"max-width:100%;\"\n\t\t\t\t\/>\n\t\t\t<\/a>\n\t\t<\/div>\n\t\t\t\t\t\t\t<\/div> \n\t\t\t\n\t\t\t\t<div id=\"ngg-image-2\" class=\"ngg-gallery-thumbnail-box \n\t\t\t\t\t\t\t\t\t\t\t\" \n\t\t\t>\n\t\t\t\t\t\t<div class=\"ngg-gallery-thumbnail\">\n\t\t\t<a href=\"https:\/\/1800restaurante.com\/wp-content\/gallery\/bar\/3.JPG\"\n\t\t\t\ttitle=\"\"\n\t\t\t\tdata-src=\"https:\/\/1800restaurante.com\/wp-content\/gallery\/bar\/3.JPG\"\n\t\t\t\tdata-thumbnail=\"https:\/\/1800restaurante.com\/wp-content\/gallery\/bar\/thumbs\/thumbs_3.JPG\"\n\t\t\t\tdata-image-id=\"11\"\n\t\t\t\tdata-title=\"3\"\n\t\t\t\tdata-description=\"\"\n\t\t\t\tdata-image-slug=\"3\"\n\t\t\t\tclass=\"ngg-fancybox\" rel=\"1703ae42abbe0357913d44f26cb609a5\">\n\t\t\t\t<img\n\t\t\t\t\ttitle=\"3\"\n\t\t\t\t\talt=\"3\"\n\t\t\t\t\tsrc=\"https:\/\/1800restaurante.com\/wp-content\/gallery\/bar\/thumbs\/thumbs_3.JPG\"\n\t\t\t\t\twidth=\"240\"\n\t\t\t\t\theight=\"160\"\n\t\t\t\t\tstyle=\"max-width:100%;\"\n\t\t\t\t\/>\n\t\t\t<\/a>\n\t\t<\/div>\n\t\t\t\t\t\t\t<\/div> \n\t\t\t\n\t\n\t<br style=\"clear: both\" \/>\n\n\t\t<div class=\"slideshowlink\">\n\t\t<a href='https:\/\/1800restaurante.com\/de\/bar\/nggallery\/slideshow'>[Show slideshow]<\/a>\n\t\t\n\t<\/div>\n\t\n\t\t<!-- Pagination -->\n\t\t<div class='ngg-clear'><\/div>\t<\/div>\n\n","protected":false},"excerpt":{"rendered":"<p>Se precia el Restaurante 1800 de contar con la barra m\u00e1s larga de un restaurante privado en el interior del pa\u00eds. Distinguen su oferta una bien surtida carta, donde abundan c\u00f3cteles, bebidas espirituosas, cervezas y vinos; complementada por la destreza de su barman y la calidad de los productos utilizados.<\/p>\n","protected":false},"author":2,"featured_media":265,"parent":0,"menu_order":0,"comment_status":"closed","ping_status":"closed","template":"","meta":{"ngg_post_thumbnail":0,"footnotes":""},"class_list":["post-231","page","type-page","status-publish","has-post-thumbnail","hentry"],"yoast_head":"<!-- This site is optimized with the Yoast SEO plugin v21.7 - https:\/\/yoast.com\/wordpress\/plugins\/seo\/ -->\n<title>Toda la informaci\u00f3n de nuestro bar y suvariada oferta<\/title>\n<meta name=\"robots\" content=\"index, follow, max-snippet:-1, max-image-preview:large, max-video-preview:-1\" \/>\n<link rel=\"canonical\" href=\"https:\/\/1800restaurante.com\/bar\/\" \/>\n<meta property=\"og:locale\" content=\"de_DE\" \/>\n<meta property=\"og:type\" content=\"article\" \/>\n<meta property=\"og:title\" content=\"Toda la informaci\u00f3n de nuestro bar y suvariada oferta\" \/>\n<meta property=\"og:description\" content=\"Se precia el Restaurante 1800 de contar con la barra m\u00e1s larga de un restaurante privado en el interior del pa\u00eds. Distinguen su oferta una bien surtida carta, donde abundan c\u00f3cteles, bebidas espirituosas, cervezas y vinos; complementada por la destreza de su barman y la calidad de los productos utilizados.\" \/>\n<meta property=\"og:url\" content=\"https:\/\/1800restaurante.com\/bar\/\" \/>\n<meta property=\"og:site_name\" content=\"Restaurante 1800. Camaguey, Cuba\" \/>\n<meta property=\"article:publisher\" content=\"https:\/\/www.facebook.com\/restaurant1800\/\" \/>\n<meta property=\"article:modified_time\" content=\"2017-07-13T15:24:02+00:00\" \/>\n<meta property=\"og:image\" content=\"https:\/\/1800restaurante.com\/wp-content\/uploads\/ngg_featured\/3.JPG\" \/>\n\t<meta property=\"og:image:width\" content=\"1294\" \/>\n\t<meta property=\"og:image:height\" content=\"1920\" \/>\n\t<meta property=\"og:image:type\" content=\"image\/jpeg\" \/>\n<meta name=\"twitter:card\" content=\"summary_large_image\" \/>\n<meta name=\"twitter:site\" content=\"@1800Restaurante\" \/>\n<script type=\"application\/ld+json\" class=\"yoast-schema-graph\">{\"@context\":\"https:\/\/schema.org\",\"@graph\":[{\"@type\":\"WebPage\",\"@id\":\"https:\/\/1800restaurante.com\/bar\/\",\"url\":\"https:\/\/1800restaurante.com\/bar\/\",\"name\":\"Toda la informaci\u00f3n de nuestro bar y suvariada oferta\",\"isPartOf\":{\"@id\":\"https:\/\/1800restaurante.com\/#website\"},\"datePublished\":\"2017-07-13T15:23:26+00:00\",\"dateModified\":\"2017-07-13T15:24:02+00:00\",\"breadcrumb\":{\"@id\":\"https:\/\/1800restaurante.com\/bar\/#breadcrumb\"},\"inLanguage\":\"de\",\"potentialAction\":[{\"@type\":\"ReadAction\",\"target\":[\"https:\/\/1800restaurante.com\/bar\/\"]}]},{\"@type\":\"BreadcrumbList\",\"@id\":\"https:\/\/1800restaurante.com\/bar\/#breadcrumb\",\"itemListElement\":[{\"@type\":\"ListItem\",\"position\":1,\"name\":\"Home\",\"item\":\"https:\/\/1800restaurante.com\/\"},{\"@type\":\"ListItem\",\"position\":2,\"name\":\"Bar\"}]},{\"@type\":\"WebSite\",\"@id\":\"https:\/\/1800restaurante.com\/#website\",\"url\":\"https:\/\/1800restaurante.com\/\",\"name\":\"Restaurante 1800. Camaguey, Cuba\",\"description\":\"Style and history\",\"publisher\":{\"@id\":\"https:\/\/1800restaurante.com\/#organization\"},\"potentialAction\":[{\"@type\":\"SearchAction\",\"target\":{\"@type\":\"EntryPoint\",\"urlTemplate\":\"https:\/\/1800restaurante.com\/?s={search_term_string}\"},\"query-input\":\"required name=search_term_string\"}],\"inLanguage\":\"de\"},{\"@type\":\"Organization\",\"@id\":\"https:\/\/1800restaurante.com\/#organization\",\"name\":\"Restaurante 1800\",\"url\":\"https:\/\/1800restaurante.com\/\",\"logo\":{\"@type\":\"ImageObject\",\"inLanguage\":\"de\",\"@id\":\"https:\/\/1800restaurante.com\/#\/schema\/logo\/image\/\",\"url\":\"https:\/\/1800restaurante.com\/wp-content\/uploads\/2017\/05\/logo.png\",\"contentUrl\":\"https:\/\/1800restaurante.com\/wp-content\/uploads\/2017\/05\/logo.png\",\"width\":224,\"height\":200,\"caption\":\"Restaurante 1800\"},\"image\":{\"@id\":\"https:\/\/1800restaurante.com\/#\/schema\/logo\/image\/\"},\"sameAs\":[\"https:\/\/www.facebook.com\/restaurant1800\/\",\"https:\/\/twitter.com\/1800Restaurante\",\"https:\/\/www.instagram.com\/restaurante1800\",\"https:\/\/www.linkedin.com\/company-beta\/24775434\/\",\"https:\/\/www.youtube.com\/channel\/UChTXSI8n1f-Dd-n_CtqXHfA\"]}]}<\/script>\n<!-- \/ Yoast SEO plugin. -->","yoast_head_json":{"title":"Toda la informaci\u00f3n de nuestro bar y suvariada oferta","robots":{"index":"index","follow":"follow","max-snippet":"max-snippet:-1","max-image-preview":"max-image-preview:large","max-video-preview":"max-video-preview:-1"},"canonical":"https:\/\/1800restaurante.com\/bar\/","og_locale":"de_DE","og_type":"article","og_title":"Toda la informaci\u00f3n de nuestro bar y suvariada oferta","og_description":"Se precia el Restaurante 1800 de contar con la barra m\u00e1s larga de un restaurante privado en el interior del pa\u00eds. Distinguen su oferta una bien surtida carta, donde abundan c\u00f3cteles, bebidas espirituosas, cervezas y vinos; complementada por la destreza de su barman y la calidad de los productos utilizados.","og_url":"https:\/\/1800restaurante.com\/bar\/","og_site_name":"Restaurante 1800. Camaguey, Cuba","article_publisher":"https:\/\/www.facebook.com\/restaurant1800\/","article_modified_time":"2017-07-13T15:24:02+00:00","og_image":[{"width":1294,"height":1920,"url":"https:\/\/1800restaurante.com\/wp-content\/uploads\/ngg_featured\/3.JPG","type":"image\/jpeg"}],"twitter_card":"summary_large_image","twitter_site":"@1800Restaurante","schema":{"@context":"https:\/\/schema.org","@graph":[{"@type":"WebPage","@id":"https:\/\/1800restaurante.com\/bar\/","url":"https:\/\/1800restaurante.com\/bar\/","name":"Toda la informaci\u00f3n de nuestro bar y suvariada oferta","isPartOf":{"@id":"https:\/\/1800restaurante.com\/#website"},"datePublished":"2017-07-13T15:23:26+00:00","dateModified":"2017-07-13T15:24:02+00:00","breadcrumb":{"@id":"https:\/\/1800restaurante.com\/bar\/#breadcrumb"},"inLanguage":"de","potentialAction":[{"@type":"ReadAction","target":["https:\/\/1800restaurante.com\/bar\/"]}]},{"@type":"BreadcrumbList","@id":"https:\/\/1800restaurante.com\/bar\/#breadcrumb","itemListElement":[{"@type":"ListItem","position":1,"name":"Home","item":"https:\/\/1800restaurante.com\/"},{"@type":"ListItem","position":2,"name":"Bar"}]},{"@type":"WebSite","@id":"https:\/\/1800restaurante.com\/#website","url":"https:\/\/1800restaurante.com\/","name":"Restaurante 1800. Camaguey, Cuba","description":"Style and history","publisher":{"@id":"https:\/\/1800restaurante.com\/#organization"},"potentialAction":[{"@type":"SearchAction","target":{"@type":"EntryPoint","urlTemplate":"https:\/\/1800restaurante.com\/?s={search_term_string}"},"query-input":"required name=search_term_string"}],"inLanguage":"de"},{"@type":"Organization","@id":"https:\/\/1800restaurante.com\/#organization","name":"Restaurante 1800","url":"https:\/\/1800restaurante.com\/","logo":{"@type":"ImageObject","inLanguage":"de","@id":"https:\/\/1800restaurante.com\/#\/schema\/logo\/image\/","url":"https:\/\/1800restaurante.com\/wp-content\/uploads\/2017\/05\/logo.png","contentUrl":"https:\/\/1800restaurante.com\/wp-content\/uploads\/2017\/05\/logo.png","width":224,"height":200,"caption":"Restaurante 1800"},"image":{"@id":"https:\/\/1800restaurante.com\/#\/schema\/logo\/image\/"},"sameAs":["https:\/\/www.facebook.com\/restaurant1800\/","https:\/\/twitter.com\/1800Restaurante","https:\/\/www.instagram.com\/restaurante1800","https:\/\/www.linkedin.com\/company-beta\/24775434\/","https:\/\/www.youtube.com\/channel\/UChTXSI8n1f-Dd-n_CtqXHfA"]}]}},"_links":{"self":[{"href":"https:\/\/1800restaurante.com\/de\/wp-json\/wp\/v2\/pages\/231","targetHints":{"allow":["GET"]}}],"collection":[{"href":"https:\/\/1800restaurante.com\/de\/wp-json\/wp\/v2\/pages"}],"about":[{"href":"https:\/\/1800restaurante.com\/de\/wp-json\/wp\/v2\/types\/page"}],"author":[{"embeddable":true,"href":"https:\/\/1800restaurante.com\/de\/wp-json\/wp\/v2\/users\/2"}],"replies":[{"embeddable":true,"href":"https:\/\/1800restaurante.com\/de\/wp-json\/wp\/v2\/comments?post=231"}],"version-history":[{"count":1,"href":"https:\/\/1800restaurante.com\/de\/wp-json\/wp\/v2\/pages\/231\/revisions"}],"predecessor-version":[{"id":233,"href":"https:\/\/1800restaurante.com\/de\/wp-json\/wp\/v2\/pages\/231\/revisions\/233"}],"wp:featuredmedia":[{"embeddable":true,"href":"https:\/\/1800restaurante.com\/de\/wp-json\/wp\/v2\/media\/265"}],"wp:attachment":[{"href":"https:\/\/1800restaurante.com\/de\/wp-json\/wp\/v2\/media?parent=231"}],"curies":[{"name":"wp","href":"https:\/\/api.w.org\/{rel}","templated":true}]}}