{"id":226,"date":"2017-07-13T11:18:30","date_gmt":"2017-07-13T15:18:30","guid":{"rendered":"https:\/\/1800restaurante.com\/grill\/"},"modified":"2017-07-13T11:20:00","modified_gmt":"2017-07-13T15:20:00","slug":"grill","status":"publish","type":"page","link":"https:\/\/1800restaurante.com\/de\/grill\/","title":{"rendered":"Grill"},"content":{"rendered":"\n<div class=\"twitter-share\"><a href=\"https:\/\/twitter.com\/intent\/tweet?via=1800restaurante\" class=\"twitter-share-button\" data-size=\"large\">Twittern<\/a><\/div>\n<p>Esta opci\u00f3n, altamente demandada por clientes del mundo entero, garantiza importantes beneficios nutricionales y un disfrute culinario pleno de sabor. El patio, lugar donde se encuentra ubicado el grill, brinda un ambiente relajado y sugerente donde comer, intercambiar y pasarla bien. En \u00e9l puede observarse un t\u00edpico tinaj\u00f3n camag\u00fceyano, fechado en el siglo XIX.<br \/>\n<!-- default-view.php -->\n<div\n\tclass=\"ngg-galleryoverview default-view \n\t ngg-ajax-pagination-none\t\"\n\tid=\"ngg-gallery-80ad2a90c47370aaf512ded0813ae381-1\">\n\n\t\t<!-- Thumbnails -->\n\t\t\t\t<div id=\"ngg-image-0\" class=\"ngg-gallery-thumbnail-box \n\t\t\t\t\t\t\t\t\t\t\t\" \n\t\t\t>\n\t\t\t\t\t\t<div class=\"ngg-gallery-thumbnail\">\n\t\t\t<a href=\"https:\/\/1800restaurante.com\/wp-content\/gallery\/grill\/IMG_20160709_212040.jpg\"\n\t\t\t\ttitle=\"\"\n\t\t\t\tdata-src=\"https:\/\/1800restaurante.com\/wp-content\/gallery\/grill\/IMG_20160709_212040.jpg\"\n\t\t\t\tdata-thumbnail=\"https:\/\/1800restaurante.com\/wp-content\/gallery\/grill\/thumbs\/thumbs_IMG_20160709_212040.jpg\"\n\t\t\t\tdata-image-id=\"24\"\n\t\t\t\tdata-title=\"IMG_20160709_212040\"\n\t\t\t\tdata-description=\"\"\n\t\t\t\tdata-image-slug=\"img_20160709_212040\"\n\t\t\t\tclass=\"ngg-fancybox\" rel=\"80ad2a90c47370aaf512ded0813ae381\">\n\t\t\t\t<img\n\t\t\t\t\ttitle=\"IMG_20160709_212040\"\n\t\t\t\t\talt=\"IMG_20160709_212040\"\n\t\t\t\t\tsrc=\"https:\/\/1800restaurante.com\/wp-content\/gallery\/grill\/thumbs\/thumbs_IMG_20160709_212040.jpg\"\n\t\t\t\t\twidth=\"240\"\n\t\t\t\t\theight=\"160\"\n\t\t\t\t\tstyle=\"max-width:100%;\"\n\t\t\t\t\/>\n\t\t\t<\/a>\n\t\t<\/div>\n\t\t\t\t\t\t\t<\/div> \n\t\t\t\n\t\t\t\t<div id=\"ngg-image-1\" class=\"ngg-gallery-thumbnail-box \n\t\t\t\t\t\t\t\t\t\t\t\" \n\t\t\t>\n\t\t\t\t\t\t<div class=\"ngg-gallery-thumbnail\">\n\t\t\t<a href=\"https:\/\/1800restaurante.com\/wp-content\/gallery\/grill\/IMG_20160709_212100.jpg\"\n\t\t\t\ttitle=\"\"\n\t\t\t\tdata-src=\"https:\/\/1800restaurante.com\/wp-content\/gallery\/grill\/IMG_20160709_212100.jpg\"\n\t\t\t\tdata-thumbnail=\"https:\/\/1800restaurante.com\/wp-content\/gallery\/grill\/thumbs\/thumbs_IMG_20160709_212100.jpg\"\n\t\t\t\tdata-image-id=\"25\"\n\t\t\t\tdata-title=\"IMG_20160709_212100\"\n\t\t\t\tdata-description=\"\"\n\t\t\t\tdata-image-slug=\"img_20160709_212100\"\n\t\t\t\tclass=\"ngg-fancybox\" rel=\"80ad2a90c47370aaf512ded0813ae381\">\n\t\t\t\t<img\n\t\t\t\t\ttitle=\"IMG_20160709_212100\"\n\t\t\t\t\talt=\"IMG_20160709_212100\"\n\t\t\t\t\tsrc=\"https:\/\/1800restaurante.com\/wp-content\/gallery\/grill\/thumbs\/thumbs_IMG_20160709_212100.jpg\"\n\t\t\t\t\twidth=\"240\"\n\t\t\t\t\theight=\"160\"\n\t\t\t\t\tstyle=\"max-width:100%;\"\n\t\t\t\t\/>\n\t\t\t<\/a>\n\t\t<\/div>\n\t\t\t\t\t\t\t<\/div> \n\t\t\t\n\t\t\t\t<div id=\"ngg-image-2\" class=\"ngg-gallery-thumbnail-box \n\t\t\t\t\t\t\t\t\t\t\t\" \n\t\t\t>\n\t\t\t\t\t\t<div class=\"ngg-gallery-thumbnail\">\n\t\t\t<a href=\"https:\/\/1800restaurante.com\/wp-content\/gallery\/grill\/SDC10043.JPG\"\n\t\t\t\ttitle=\"\"\n\t\t\t\tdata-src=\"https:\/\/1800restaurante.com\/wp-content\/gallery\/grill\/SDC10043.JPG\"\n\t\t\t\tdata-thumbnail=\"https:\/\/1800restaurante.com\/wp-content\/gallery\/grill\/thumbs\/thumbs_SDC10043.JPG\"\n\t\t\t\tdata-image-id=\"26\"\n\t\t\t\tdata-title=\"&lt;samsung\/&gt;\"\n\t\t\t\tdata-description=\"\"\n\t\t\t\tdata-image-slug=\"sdc10043\"\n\t\t\t\tclass=\"ngg-fancybox\" rel=\"80ad2a90c47370aaf512ded0813ae381\">\n\t\t\t\t<img\n\t\t\t\t\ttitle=\"&lt;samsung\/&gt;\"\n\t\t\t\t\talt=\"&lt;samsung\/&gt;\"\n\t\t\t\t\tsrc=\"https:\/\/1800restaurante.com\/wp-content\/gallery\/grill\/thumbs\/thumbs_SDC10043.JPG\"\n\t\t\t\t\twidth=\"240\"\n\t\t\t\t\theight=\"160\"\n\t\t\t\t\tstyle=\"max-width:100%;\"\n\t\t\t\t\/>\n\t\t\t<\/a>\n\t\t<\/div>\n\t\t\t\t\t\t\t<\/div> \n\t\t\t\n\t\t\t\t<div id=\"ngg-image-3\" class=\"ngg-gallery-thumbnail-box \n\t\t\t\t\t\t\t\t\t\t\t\" \n\t\t\t>\n\t\t\t\t\t\t<div class=\"ngg-gallery-thumbnail\">\n\t\t\t<a href=\"https:\/\/1800restaurante.com\/wp-content\/gallery\/grill\/SDC10057.JPG\"\n\t\t\t\ttitle=\"\"\n\t\t\t\tdata-src=\"https:\/\/1800restaurante.com\/wp-content\/gallery\/grill\/SDC10057.JPG\"\n\t\t\t\tdata-thumbnail=\"https:\/\/1800restaurante.com\/wp-content\/gallery\/grill\/thumbs\/thumbs_SDC10057.JPG\"\n\t\t\t\tdata-image-id=\"27\"\n\t\t\t\tdata-title=\"&lt;samsung\/&gt;\"\n\t\t\t\tdata-description=\"\"\n\t\t\t\tdata-image-slug=\"sdc10057\"\n\t\t\t\tclass=\"ngg-fancybox\" rel=\"80ad2a90c47370aaf512ded0813ae381\">\n\t\t\t\t<img\n\t\t\t\t\ttitle=\"&lt;samsung\/&gt;\"\n\t\t\t\t\talt=\"&lt;samsung\/&gt;\"\n\t\t\t\t\tsrc=\"https:\/\/1800restaurante.com\/wp-content\/gallery\/grill\/thumbs\/thumbs_SDC10057.JPG\"\n\t\t\t\t\twidth=\"240\"\n\t\t\t\t\theight=\"160\"\n\t\t\t\t\tstyle=\"max-width:100%;\"\n\t\t\t\t\/>\n\t\t\t<\/a>\n\t\t<\/div>\n\t\t\t\t\t\t\t<\/div> \n\t\t\t\n\t\n\t<br style=\"clear: both\" \/>\n\n\t\t<div class=\"slideshowlink\">\n\t\t<a href='https:\/\/1800restaurante.com\/de\/grill\/nggallery\/slideshow'>[Show slideshow]<\/a>\n\t\t\n\t<\/div>\n\t\n\t\t<!-- Pagination -->\n\t\t<div class='ngg-clear'><\/div>\t<\/div>\n\n","protected":false},"excerpt":{"rendered":"<p>Esta opci\u00f3n, altamente demandada por clientes del mundo entero, garantiza importantes beneficios nutricionales y un disfrute culinario pleno de sabor. El patio, lugar donde se encuentra ubicado el grill, brinda un ambiente relajado y sugerente donde comer, intercambiar y pasarla bien. En \u00e9l puede observarse un t\u00edpico tinaj\u00f3n camag\u00fceyano, fechado en el siglo XIX.<\/p>\n","protected":false},"author":2,"featured_media":0,"parent":0,"menu_order":0,"comment_status":"closed","ping_status":"closed","template":"","meta":{"ngg_post_thumbnail":0,"footnotes":""},"class_list":["post-226","page","type-page","status-publish","hentry"],"yoast_head":"<!-- This site is optimized with the Yoast SEO plugin v21.7 - https:\/\/yoast.com\/wordpress\/plugins\/seo\/ -->\n<title>Variada oferta de nuestra parrilla<\/title>\n<meta name=\"robots\" content=\"index, follow, max-snippet:-1, max-image-preview:large, max-video-preview:-1\" \/>\n<link rel=\"canonical\" href=\"https:\/\/1800restaurante.com\/grill\/\" \/>\n<meta property=\"og:locale\" content=\"de_DE\" \/>\n<meta property=\"og:type\" content=\"article\" \/>\n<meta property=\"og:title\" content=\"Variada oferta de nuestra parrilla\" \/>\n<meta property=\"og:description\" content=\"Esta opci\u00f3n, altamente demandada por clientes del mundo entero, garantiza importantes beneficios nutricionales y un disfrute culinario pleno de sabor. El patio, lugar donde se encuentra ubicado el grill, brinda un ambiente relajado y sugerente donde comer, intercambiar y pasarla bien. En \u00e9l puede observarse un t\u00edpico tinaj\u00f3n camag\u00fceyano, fechado en el siglo XIX.\" \/>\n<meta property=\"og:url\" content=\"https:\/\/1800restaurante.com\/grill\/\" \/>\n<meta property=\"og:site_name\" content=\"Restaurante 1800. Camaguey, Cuba\" \/>\n<meta property=\"article:publisher\" content=\"https:\/\/www.facebook.com\/restaurant1800\/\" \/>\n<meta property=\"article:modified_time\" content=\"2017-07-13T15:20:00+00:00\" \/>\n<meta name=\"twitter:card\" content=\"summary_large_image\" \/>\n<meta name=\"twitter:site\" content=\"@1800Restaurante\" \/>\n<script type=\"application\/ld+json\" class=\"yoast-schema-graph\">{\"@context\":\"https:\/\/schema.org\",\"@graph\":[{\"@type\":\"WebPage\",\"@id\":\"https:\/\/1800restaurante.com\/grill\/\",\"url\":\"https:\/\/1800restaurante.com\/grill\/\",\"name\":\"Variada oferta de nuestra parrilla\",\"isPartOf\":{\"@id\":\"https:\/\/1800restaurante.com\/#website\"},\"datePublished\":\"2017-07-13T15:18:30+00:00\",\"dateModified\":\"2017-07-13T15:20:00+00:00\",\"breadcrumb\":{\"@id\":\"https:\/\/1800restaurante.com\/grill\/#breadcrumb\"},\"inLanguage\":\"de\",\"potentialAction\":[{\"@type\":\"ReadAction\",\"target\":[\"https:\/\/1800restaurante.com\/grill\/\"]}]},{\"@type\":\"BreadcrumbList\",\"@id\":\"https:\/\/1800restaurante.com\/grill\/#breadcrumb\",\"itemListElement\":[{\"@type\":\"ListItem\",\"position\":1,\"name\":\"Home\",\"item\":\"https:\/\/1800restaurante.com\/\"},{\"@type\":\"ListItem\",\"position\":2,\"name\":\"Grill\"}]},{\"@type\":\"WebSite\",\"@id\":\"https:\/\/1800restaurante.com\/#website\",\"url\":\"https:\/\/1800restaurante.com\/\",\"name\":\"Restaurante 1800. Camaguey, Cuba\",\"description\":\"Style and history\",\"publisher\":{\"@id\":\"https:\/\/1800restaurante.com\/#organization\"},\"potentialAction\":[{\"@type\":\"SearchAction\",\"target\":{\"@type\":\"EntryPoint\",\"urlTemplate\":\"https:\/\/1800restaurante.com\/?s={search_term_string}\"},\"query-input\":\"required name=search_term_string\"}],\"inLanguage\":\"de\"},{\"@type\":\"Organization\",\"@id\":\"https:\/\/1800restaurante.com\/#organization\",\"name\":\"Restaurante 1800\",\"url\":\"https:\/\/1800restaurante.com\/\",\"logo\":{\"@type\":\"ImageObject\",\"inLanguage\":\"de\",\"@id\":\"https:\/\/1800restaurante.com\/#\/schema\/logo\/image\/\",\"url\":\"https:\/\/1800restaurante.com\/wp-content\/uploads\/2017\/05\/logo.png\",\"contentUrl\":\"https:\/\/1800restaurante.com\/wp-content\/uploads\/2017\/05\/logo.png\",\"width\":224,\"height\":200,\"caption\":\"Restaurante 1800\"},\"image\":{\"@id\":\"https:\/\/1800restaurante.com\/#\/schema\/logo\/image\/\"},\"sameAs\":[\"https:\/\/www.facebook.com\/restaurant1800\/\",\"https:\/\/twitter.com\/1800Restaurante\",\"https:\/\/www.instagram.com\/restaurante1800\",\"https:\/\/www.linkedin.com\/company-beta\/24775434\/\",\"https:\/\/www.youtube.com\/channel\/UChTXSI8n1f-Dd-n_CtqXHfA\"]}]}<\/script>\n<!-- \/ Yoast SEO plugin. -->","yoast_head_json":{"title":"Variada oferta de nuestra parrilla","robots":{"index":"index","follow":"follow","max-snippet":"max-snippet:-1","max-image-preview":"max-image-preview:large","max-video-preview":"max-video-preview:-1"},"canonical":"https:\/\/1800restaurante.com\/grill\/","og_locale":"de_DE","og_type":"article","og_title":"Variada oferta de nuestra parrilla","og_description":"Esta opci\u00f3n, altamente demandada por clientes del mundo entero, garantiza importantes beneficios nutricionales y un disfrute culinario pleno de sabor. El patio, lugar donde se encuentra ubicado el grill, brinda un ambiente relajado y sugerente donde comer, intercambiar y pasarla bien. En \u00e9l puede observarse un t\u00edpico tinaj\u00f3n camag\u00fceyano, fechado en el siglo XIX.","og_url":"https:\/\/1800restaurante.com\/grill\/","og_site_name":"Restaurante 1800. Camaguey, Cuba","article_publisher":"https:\/\/www.facebook.com\/restaurant1800\/","article_modified_time":"2017-07-13T15:20:00+00:00","twitter_card":"summary_large_image","twitter_site":"@1800Restaurante","schema":{"@context":"https:\/\/schema.org","@graph":[{"@type":"WebPage","@id":"https:\/\/1800restaurante.com\/grill\/","url":"https:\/\/1800restaurante.com\/grill\/","name":"Variada oferta de nuestra parrilla","isPartOf":{"@id":"https:\/\/1800restaurante.com\/#website"},"datePublished":"2017-07-13T15:18:30+00:00","dateModified":"2017-07-13T15:20:00+00:00","breadcrumb":{"@id":"https:\/\/1800restaurante.com\/grill\/#breadcrumb"},"inLanguage":"de","potentialAction":[{"@type":"ReadAction","target":["https:\/\/1800restaurante.com\/grill\/"]}]},{"@type":"BreadcrumbList","@id":"https:\/\/1800restaurante.com\/grill\/#breadcrumb","itemListElement":[{"@type":"ListItem","position":1,"name":"Home","item":"https:\/\/1800restaurante.com\/"},{"@type":"ListItem","position":2,"name":"Grill"}]},{"@type":"WebSite","@id":"https:\/\/1800restaurante.com\/#website","url":"https:\/\/1800restaurante.com\/","name":"Restaurante 1800. Camaguey, Cuba","description":"Style and history","publisher":{"@id":"https:\/\/1800restaurante.com\/#organization"},"potentialAction":[{"@type":"SearchAction","target":{"@type":"EntryPoint","urlTemplate":"https:\/\/1800restaurante.com\/?s={search_term_string}"},"query-input":"required name=search_term_string"}],"inLanguage":"de"},{"@type":"Organization","@id":"https:\/\/1800restaurante.com\/#organization","name":"Restaurante 1800","url":"https:\/\/1800restaurante.com\/","logo":{"@type":"ImageObject","inLanguage":"de","@id":"https:\/\/1800restaurante.com\/#\/schema\/logo\/image\/","url":"https:\/\/1800restaurante.com\/wp-content\/uploads\/2017\/05\/logo.png","contentUrl":"https:\/\/1800restaurante.com\/wp-content\/uploads\/2017\/05\/logo.png","width":224,"height":200,"caption":"Restaurante 1800"},"image":{"@id":"https:\/\/1800restaurante.com\/#\/schema\/logo\/image\/"},"sameAs":["https:\/\/www.facebook.com\/restaurant1800\/","https:\/\/twitter.com\/1800Restaurante","https:\/\/www.instagram.com\/restaurante1800","https:\/\/www.linkedin.com\/company-beta\/24775434\/","https:\/\/www.youtube.com\/channel\/UChTXSI8n1f-Dd-n_CtqXHfA"]}]}},"_links":{"self":[{"href":"https:\/\/1800restaurante.com\/de\/wp-json\/wp\/v2\/pages\/226","targetHints":{"allow":["GET"]}}],"collection":[{"href":"https:\/\/1800restaurante.com\/de\/wp-json\/wp\/v2\/pages"}],"about":[{"href":"https:\/\/1800restaurante.com\/de\/wp-json\/wp\/v2\/types\/page"}],"author":[{"embeddable":true,"href":"https:\/\/1800restaurante.com\/de\/wp-json\/wp\/v2\/users\/2"}],"replies":[{"embeddable":true,"href":"https:\/\/1800restaurante.com\/de\/wp-json\/wp\/v2\/comments?post=226"}],"version-history":[{"count":1,"href":"https:\/\/1800restaurante.com\/de\/wp-json\/wp\/v2\/pages\/226\/revisions"}],"predecessor-version":[{"id":227,"href":"https:\/\/1800restaurante.com\/de\/wp-json\/wp\/v2\/pages\/226\/revisions\/227"}],"wp:attachment":[{"href":"https:\/\/1800restaurante.com\/de\/wp-json\/wp\/v2\/media?parent=226"}],"curies":[{"name":"wp","href":"https:\/\/api.w.org\/{rel}","templated":true}]}}