{"id":212,"date":"2017-07-13T10:51:58","date_gmt":"2017-07-13T14:51:58","guid":{"rendered":"https:\/\/1800restaurante.com\/a-la-carte\/"},"modified":"2017-07-14T10:29:24","modified_gmt":"2017-07-14T14:29:24","slug":"a-la-carte","status":"publish","type":"page","link":"https:\/\/1800restaurante.com\/de\/a-la-carte\/","title":{"rendered":"A la carte"},"content":{"rendered":"\n<div class=\"twitter-share\"><a href=\"https:\/\/twitter.com\/intent\/tweet?via=1800restaurante\" class=\"twitter-share-button\" data-size=\"large\">Twittern<\/a><\/div>\n<p>Distingue el servicio a la carta por la elaboraci\u00f3n \u201ca la orden\u201d del pedido y la calidad de su elaboraci\u00f3n. En ella, el cliente podr\u00e1 encontrar variados platos de la cocina cubana, camag\u00fceyana e internacional.<br \/>\n<!-- default-view.php -->\n<div\n\tclass=\"ngg-galleryoverview default-view \n\t ngg-ajax-pagination-none\t\"\n\tid=\"ngg-gallery-ead48795d6f4c4abfccf4d347bd11bc0-1\">\n\n\t\t<!-- Thumbnails -->\n\t\t\t\t<div id=\"ngg-image-0\" class=\"ngg-gallery-thumbnail-box \n\t\t\t\t\t\t\t\t\t\t\t\" \n\t\t\t>\n\t\t\t\t\t\t<div class=\"ngg-gallery-thumbnail\">\n\t\t\t<a href=\"https:\/\/1800restaurante.com\/wp-content\/gallery\/a-la-carte\/IMG_6511.JPG\"\n\t\t\t\ttitle=\"\"\n\t\t\t\tdata-src=\"https:\/\/1800restaurante.com\/wp-content\/gallery\/a-la-carte\/IMG_6511.JPG\"\n\t\t\t\tdata-thumbnail=\"https:\/\/1800restaurante.com\/wp-content\/gallery\/a-la-carte\/thumbs\/thumbs_IMG_6511.JPG\"\n\t\t\t\tdata-image-id=\"12\"\n\t\t\t\tdata-title=\"IMG_6511\"\n\t\t\t\tdata-description=\"\"\n\t\t\t\tdata-image-slug=\"img_6511\"\n\t\t\t\tclass=\"ngg-fancybox\" rel=\"ead48795d6f4c4abfccf4d347bd11bc0\">\n\t\t\t\t<img\n\t\t\t\t\ttitle=\"IMG_6511\"\n\t\t\t\t\talt=\"IMG_6511\"\n\t\t\t\t\tsrc=\"https:\/\/1800restaurante.com\/wp-content\/gallery\/a-la-carte\/thumbs\/thumbs_IMG_6511.JPG\"\n\t\t\t\t\twidth=\"240\"\n\t\t\t\t\theight=\"160\"\n\t\t\t\t\tstyle=\"max-width:100%;\"\n\t\t\t\t\/>\n\t\t\t<\/a>\n\t\t<\/div>\n\t\t\t\t\t\t\t<\/div> \n\t\t\t\n\t\t\t\t<div id=\"ngg-image-1\" class=\"ngg-gallery-thumbnail-box \n\t\t\t\t\t\t\t\t\t\t\t\" \n\t\t\t>\n\t\t\t\t\t\t<div class=\"ngg-gallery-thumbnail\">\n\t\t\t<a href=\"https:\/\/1800restaurante.com\/wp-content\/gallery\/a-la-carte\/IMG_6518.JPG\"\n\t\t\t\ttitle=\"\"\n\t\t\t\tdata-src=\"https:\/\/1800restaurante.com\/wp-content\/gallery\/a-la-carte\/IMG_6518.JPG\"\n\t\t\t\tdata-thumbnail=\"https:\/\/1800restaurante.com\/wp-content\/gallery\/a-la-carte\/thumbs\/thumbs_IMG_6518.JPG\"\n\t\t\t\tdata-image-id=\"13\"\n\t\t\t\tdata-title=\"IMG_6518\"\n\t\t\t\tdata-description=\"\"\n\t\t\t\tdata-image-slug=\"img_6518-1\"\n\t\t\t\tclass=\"ngg-fancybox\" rel=\"ead48795d6f4c4abfccf4d347bd11bc0\">\n\t\t\t\t<img\n\t\t\t\t\ttitle=\"IMG_6518\"\n\t\t\t\t\talt=\"IMG_6518\"\n\t\t\t\t\tsrc=\"https:\/\/1800restaurante.com\/wp-content\/gallery\/a-la-carte\/thumbs\/thumbs_IMG_6518.JPG\"\n\t\t\t\t\twidth=\"240\"\n\t\t\t\t\theight=\"160\"\n\t\t\t\t\tstyle=\"max-width:100%;\"\n\t\t\t\t\/>\n\t\t\t<\/a>\n\t\t<\/div>\n\t\t\t\t\t\t\t<\/div> \n\t\t\t\n\t\t\t\t<div id=\"ngg-image-2\" class=\"ngg-gallery-thumbnail-box \n\t\t\t\t\t\t\t\t\t\t\t\" \n\t\t\t>\n\t\t\t\t\t\t<div class=\"ngg-gallery-thumbnail\">\n\t\t\t<a href=\"https:\/\/1800restaurante.com\/wp-content\/gallery\/a-la-carte\/IMG_6521.JPG\"\n\t\t\t\ttitle=\"\"\n\t\t\t\tdata-src=\"https:\/\/1800restaurante.com\/wp-content\/gallery\/a-la-carte\/IMG_6521.JPG\"\n\t\t\t\tdata-thumbnail=\"https:\/\/1800restaurante.com\/wp-content\/gallery\/a-la-carte\/thumbs\/thumbs_IMG_6521.JPG\"\n\t\t\t\tdata-image-id=\"14\"\n\t\t\t\tdata-title=\"IMG_6521\"\n\t\t\t\tdata-description=\"\"\n\t\t\t\tdata-image-slug=\"img_6521-1\"\n\t\t\t\tclass=\"ngg-fancybox\" rel=\"ead48795d6f4c4abfccf4d347bd11bc0\">\n\t\t\t\t<img\n\t\t\t\t\ttitle=\"IMG_6521\"\n\t\t\t\t\talt=\"IMG_6521\"\n\t\t\t\t\tsrc=\"https:\/\/1800restaurante.com\/wp-content\/gallery\/a-la-carte\/thumbs\/thumbs_IMG_6521.JPG\"\n\t\t\t\t\twidth=\"240\"\n\t\t\t\t\theight=\"160\"\n\t\t\t\t\tstyle=\"max-width:100%;\"\n\t\t\t\t\/>\n\t\t\t<\/a>\n\t\t<\/div>\n\t\t\t\t\t\t\t<\/div> \n\t\t\t\n\t\t\t\t<div id=\"ngg-image-3\" class=\"ngg-gallery-thumbnail-box \n\t\t\t\t\t\t\t\t\t\t\t\" \n\t\t\t>\n\t\t\t\t\t\t<div class=\"ngg-gallery-thumbnail\">\n\t\t\t<a href=\"https:\/\/1800restaurante.com\/wp-content\/gallery\/a-la-carte\/IMG_6530.JPG\"\n\t\t\t\ttitle=\"\"\n\t\t\t\tdata-src=\"https:\/\/1800restaurante.com\/wp-content\/gallery\/a-la-carte\/IMG_6530.JPG\"\n\t\t\t\tdata-thumbnail=\"https:\/\/1800restaurante.com\/wp-content\/gallery\/a-la-carte\/thumbs\/thumbs_IMG_6530.JPG\"\n\t\t\t\tdata-image-id=\"15\"\n\t\t\t\tdata-title=\"IMG_6530\"\n\t\t\t\tdata-description=\"\"\n\t\t\t\tdata-image-slug=\"img_6530-1\"\n\t\t\t\tclass=\"ngg-fancybox\" rel=\"ead48795d6f4c4abfccf4d347bd11bc0\">\n\t\t\t\t<img\n\t\t\t\t\ttitle=\"IMG_6530\"\n\t\t\t\t\talt=\"IMG_6530\"\n\t\t\t\t\tsrc=\"https:\/\/1800restaurante.com\/wp-content\/gallery\/a-la-carte\/thumbs\/thumbs_IMG_6530.JPG\"\n\t\t\t\t\twidth=\"240\"\n\t\t\t\t\theight=\"160\"\n\t\t\t\t\tstyle=\"max-width:100%;\"\n\t\t\t\t\/>\n\t\t\t<\/a>\n\t\t<\/div>\n\t\t\t\t\t\t\t<\/div> \n\t\t\t\n\t\t\t\t<div id=\"ngg-image-4\" class=\"ngg-gallery-thumbnail-box \n\t\t\t\t\t\t\t\t\t\t\t\" \n\t\t\t>\n\t\t\t\t\t\t<div class=\"ngg-gallery-thumbnail\">\n\t\t\t<a href=\"https:\/\/1800restaurante.com\/wp-content\/gallery\/a-la-carte\/IMG_6537.JPG\"\n\t\t\t\ttitle=\"\"\n\t\t\t\tdata-src=\"https:\/\/1800restaurante.com\/wp-content\/gallery\/a-la-carte\/IMG_6537.JPG\"\n\t\t\t\tdata-thumbnail=\"https:\/\/1800restaurante.com\/wp-content\/gallery\/a-la-carte\/thumbs\/thumbs_IMG_6537.JPG\"\n\t\t\t\tdata-image-id=\"16\"\n\t\t\t\tdata-title=\"IMG_6537\"\n\t\t\t\tdata-description=\"\"\n\t\t\t\tdata-image-slug=\"img_6537-1\"\n\t\t\t\tclass=\"ngg-fancybox\" rel=\"ead48795d6f4c4abfccf4d347bd11bc0\">\n\t\t\t\t<img\n\t\t\t\t\ttitle=\"IMG_6537\"\n\t\t\t\t\talt=\"IMG_6537\"\n\t\t\t\t\tsrc=\"https:\/\/1800restaurante.com\/wp-content\/gallery\/a-la-carte\/thumbs\/thumbs_IMG_6537.JPG\"\n\t\t\t\t\twidth=\"240\"\n\t\t\t\t\theight=\"160\"\n\t\t\t\t\tstyle=\"max-width:100%;\"\n\t\t\t\t\/>\n\t\t\t<\/a>\n\t\t<\/div>\n\t\t\t\t\t\t\t<\/div> \n\t\t\t\n\t\t\t\t<div id=\"ngg-image-5\" class=\"ngg-gallery-thumbnail-box \n\t\t\t\t\t\t\t\t\t\t\t\" \n\t\t\t>\n\t\t\t\t\t\t<div class=\"ngg-gallery-thumbnail\">\n\t\t\t<a href=\"https:\/\/1800restaurante.com\/wp-content\/gallery\/a-la-carte\/IMG_6538.JPG\"\n\t\t\t\ttitle=\"\"\n\t\t\t\tdata-src=\"https:\/\/1800restaurante.com\/wp-content\/gallery\/a-la-carte\/IMG_6538.JPG\"\n\t\t\t\tdata-thumbnail=\"https:\/\/1800restaurante.com\/wp-content\/gallery\/a-la-carte\/thumbs\/thumbs_IMG_6538.JPG\"\n\t\t\t\tdata-image-id=\"17\"\n\t\t\t\tdata-title=\"IMG_6538\"\n\t\t\t\tdata-description=\"\"\n\t\t\t\tdata-image-slug=\"img_6538-1\"\n\t\t\t\tclass=\"ngg-fancybox\" rel=\"ead48795d6f4c4abfccf4d347bd11bc0\">\n\t\t\t\t<img\n\t\t\t\t\ttitle=\"IMG_6538\"\n\t\t\t\t\talt=\"IMG_6538\"\n\t\t\t\t\tsrc=\"https:\/\/1800restaurante.com\/wp-content\/gallery\/a-la-carte\/thumbs\/thumbs_IMG_6538.JPG\"\n\t\t\t\t\twidth=\"240\"\n\t\t\t\t\theight=\"160\"\n\t\t\t\t\tstyle=\"max-width:100%;\"\n\t\t\t\t\/>\n\t\t\t<\/a>\n\t\t<\/div>\n\t\t\t\t\t\t\t<\/div> \n\t\t\t\n\t\t\t\t<div id=\"ngg-image-6\" class=\"ngg-gallery-thumbnail-box \n\t\t\t\t\t\t\t\t\t\t\t\" \n\t\t\t>\n\t\t\t\t\t\t<div class=\"ngg-gallery-thumbnail\">\n\t\t\t<a href=\"https:\/\/1800restaurante.com\/wp-content\/gallery\/a-la-carte\/IMG_6545.JPG\"\n\t\t\t\ttitle=\"\"\n\t\t\t\tdata-src=\"https:\/\/1800restaurante.com\/wp-content\/gallery\/a-la-carte\/IMG_6545.JPG\"\n\t\t\t\tdata-thumbnail=\"https:\/\/1800restaurante.com\/wp-content\/gallery\/a-la-carte\/thumbs\/thumbs_IMG_6545.JPG\"\n\t\t\t\tdata-image-id=\"18\"\n\t\t\t\tdata-title=\"IMG_6545\"\n\t\t\t\tdata-description=\"\"\n\t\t\t\tdata-image-slug=\"img_6545-1\"\n\t\t\t\tclass=\"ngg-fancybox\" rel=\"ead48795d6f4c4abfccf4d347bd11bc0\">\n\t\t\t\t<img\n\t\t\t\t\ttitle=\"IMG_6545\"\n\t\t\t\t\talt=\"IMG_6545\"\n\t\t\t\t\tsrc=\"https:\/\/1800restaurante.com\/wp-content\/gallery\/a-la-carte\/thumbs\/thumbs_IMG_6545.JPG\"\n\t\t\t\t\twidth=\"240\"\n\t\t\t\t\theight=\"160\"\n\t\t\t\t\tstyle=\"max-width:100%;\"\n\t\t\t\t\/>\n\t\t\t<\/a>\n\t\t<\/div>\n\t\t\t\t\t\t\t<\/div> \n\t\t\t\n\t\t\t\t<div id=\"ngg-image-7\" class=\"ngg-gallery-thumbnail-box \n\t\t\t\t\t\t\t\t\t\t\t\" \n\t\t\t>\n\t\t\t\t\t\t<div class=\"ngg-gallery-thumbnail\">\n\t\t\t<a href=\"https:\/\/1800restaurante.com\/wp-content\/gallery\/a-la-carte\/IMG_6555.JPG\"\n\t\t\t\ttitle=\"\"\n\t\t\t\tdata-src=\"https:\/\/1800restaurante.com\/wp-content\/gallery\/a-la-carte\/IMG_6555.JPG\"\n\t\t\t\tdata-thumbnail=\"https:\/\/1800restaurante.com\/wp-content\/gallery\/a-la-carte\/thumbs\/thumbs_IMG_6555.JPG\"\n\t\t\t\tdata-image-id=\"19\"\n\t\t\t\tdata-title=\"IMG_6555\"\n\t\t\t\tdata-description=\"\"\n\t\t\t\tdata-image-slug=\"img_6555-1\"\n\t\t\t\tclass=\"ngg-fancybox\" rel=\"ead48795d6f4c4abfccf4d347bd11bc0\">\n\t\t\t\t<img\n\t\t\t\t\ttitle=\"IMG_6555\"\n\t\t\t\t\talt=\"IMG_6555\"\n\t\t\t\t\tsrc=\"https:\/\/1800restaurante.com\/wp-content\/gallery\/a-la-carte\/thumbs\/thumbs_IMG_6555.JPG\"\n\t\t\t\t\twidth=\"240\"\n\t\t\t\t\theight=\"160\"\n\t\t\t\t\tstyle=\"max-width:100%;\"\n\t\t\t\t\/>\n\t\t\t<\/a>\n\t\t<\/div>\n\t\t\t\t\t\t\t<\/div> \n\t\t\t\n\t\t\t\t<div id=\"ngg-image-8\" class=\"ngg-gallery-thumbnail-box \n\t\t\t\t\t\t\t\t\t\t\t\" \n\t\t\t>\n\t\t\t\t\t\t<div class=\"ngg-gallery-thumbnail\">\n\t\t\t<a href=\"https:\/\/1800restaurante.com\/wp-content\/gallery\/a-la-carte\/IMG_6561.JPG\"\n\t\t\t\ttitle=\"\"\n\t\t\t\tdata-src=\"https:\/\/1800restaurante.com\/wp-content\/gallery\/a-la-carte\/IMG_6561.JPG\"\n\t\t\t\tdata-thumbnail=\"https:\/\/1800restaurante.com\/wp-content\/gallery\/a-la-carte\/thumbs\/thumbs_IMG_6561.JPG\"\n\t\t\t\tdata-image-id=\"20\"\n\t\t\t\tdata-title=\"IMG_6561\"\n\t\t\t\tdata-description=\"\"\n\t\t\t\tdata-image-slug=\"img_6561-1\"\n\t\t\t\tclass=\"ngg-fancybox\" rel=\"ead48795d6f4c4abfccf4d347bd11bc0\">\n\t\t\t\t<img\n\t\t\t\t\ttitle=\"IMG_6561\"\n\t\t\t\t\talt=\"IMG_6561\"\n\t\t\t\t\tsrc=\"https:\/\/1800restaurante.com\/wp-content\/gallery\/a-la-carte\/thumbs\/thumbs_IMG_6561.JPG\"\n\t\t\t\t\twidth=\"240\"\n\t\t\t\t\theight=\"160\"\n\t\t\t\t\tstyle=\"max-width:100%;\"\n\t\t\t\t\/>\n\t\t\t<\/a>\n\t\t<\/div>\n\t\t\t\t\t\t\t<\/div> \n\t\t\t\n\t\t\t\t<div id=\"ngg-image-9\" class=\"ngg-gallery-thumbnail-box \n\t\t\t\t\t\t\t\t\t\t\t\" \n\t\t\t>\n\t\t\t\t\t\t<div class=\"ngg-gallery-thumbnail\">\n\t\t\t<a href=\"https:\/\/1800restaurante.com\/wp-content\/gallery\/a-la-carte\/IMG_6567.JPG\"\n\t\t\t\ttitle=\"\"\n\t\t\t\tdata-src=\"https:\/\/1800restaurante.com\/wp-content\/gallery\/a-la-carte\/IMG_6567.JPG\"\n\t\t\t\tdata-thumbnail=\"https:\/\/1800restaurante.com\/wp-content\/gallery\/a-la-carte\/thumbs\/thumbs_IMG_6567.JPG\"\n\t\t\t\tdata-image-id=\"21\"\n\t\t\t\tdata-title=\"IMG_6567\"\n\t\t\t\tdata-description=\"\"\n\t\t\t\tdata-image-slug=\"img_6567-1\"\n\t\t\t\tclass=\"ngg-fancybox\" rel=\"ead48795d6f4c4abfccf4d347bd11bc0\">\n\t\t\t\t<img\n\t\t\t\t\ttitle=\"IMG_6567\"\n\t\t\t\t\talt=\"IMG_6567\"\n\t\t\t\t\tsrc=\"https:\/\/1800restaurante.com\/wp-content\/gallery\/a-la-carte\/thumbs\/thumbs_IMG_6567.JPG\"\n\t\t\t\t\twidth=\"240\"\n\t\t\t\t\theight=\"160\"\n\t\t\t\t\tstyle=\"max-width:100%;\"\n\t\t\t\t\/>\n\t\t\t<\/a>\n\t\t<\/div>\n\t\t\t\t\t\t\t<\/div> \n\t\t\t\n\t\t\t\t<div id=\"ngg-image-10\" class=\"ngg-gallery-thumbnail-box \n\t\t\t\t\t\t\t\t\t\t\t\" \n\t\t\t>\n\t\t\t\t\t\t<div class=\"ngg-gallery-thumbnail\">\n\t\t\t<a href=\"https:\/\/1800restaurante.com\/wp-content\/gallery\/a-la-carte\/IMG_6568.JPG\"\n\t\t\t\ttitle=\"\"\n\t\t\t\tdata-src=\"https:\/\/1800restaurante.com\/wp-content\/gallery\/a-la-carte\/IMG_6568.JPG\"\n\t\t\t\tdata-thumbnail=\"https:\/\/1800restaurante.com\/wp-content\/gallery\/a-la-carte\/thumbs\/thumbs_IMG_6568.JPG\"\n\t\t\t\tdata-image-id=\"22\"\n\t\t\t\tdata-title=\"IMG_6568\"\n\t\t\t\tdata-description=\"\"\n\t\t\t\tdata-image-slug=\"img_6568\"\n\t\t\t\tclass=\"ngg-fancybox\" rel=\"ead48795d6f4c4abfccf4d347bd11bc0\">\n\t\t\t\t<img\n\t\t\t\t\ttitle=\"IMG_6568\"\n\t\t\t\t\talt=\"IMG_6568\"\n\t\t\t\t\tsrc=\"https:\/\/1800restaurante.com\/wp-content\/gallery\/a-la-carte\/thumbs\/thumbs_IMG_6568.JPG\"\n\t\t\t\t\twidth=\"240\"\n\t\t\t\t\theight=\"160\"\n\t\t\t\t\tstyle=\"max-width:100%;\"\n\t\t\t\t\/>\n\t\t\t<\/a>\n\t\t<\/div>\n\t\t\t\t\t\t\t<\/div> \n\t\t\t\n\t\t\t\t<div id=\"ngg-image-11\" class=\"ngg-gallery-thumbnail-box \n\t\t\t\t\t\t\t\t\t\t\t\" \n\t\t\t>\n\t\t\t\t\t\t<div class=\"ngg-gallery-thumbnail\">\n\t\t\t<a href=\"https:\/\/1800restaurante.com\/wp-content\/gallery\/a-la-carte\/IMG_6579.JPG\"\n\t\t\t\ttitle=\"\"\n\t\t\t\tdata-src=\"https:\/\/1800restaurante.com\/wp-content\/gallery\/a-la-carte\/IMG_6579.JPG\"\n\t\t\t\tdata-thumbnail=\"https:\/\/1800restaurante.com\/wp-content\/gallery\/a-la-carte\/thumbs\/thumbs_IMG_6579.JPG\"\n\t\t\t\tdata-image-id=\"23\"\n\t\t\t\tdata-title=\"IMG_6579\"\n\t\t\t\tdata-description=\"\"\n\t\t\t\tdata-image-slug=\"img_6579-1\"\n\t\t\t\tclass=\"ngg-fancybox\" rel=\"ead48795d6f4c4abfccf4d347bd11bc0\">\n\t\t\t\t<img\n\t\t\t\t\ttitle=\"IMG_6579\"\n\t\t\t\t\talt=\"IMG_6579\"\n\t\t\t\t\tsrc=\"https:\/\/1800restaurante.com\/wp-content\/gallery\/a-la-carte\/thumbs\/thumbs_IMG_6579.JPG\"\n\t\t\t\t\twidth=\"240\"\n\t\t\t\t\theight=\"160\"\n\t\t\t\t\tstyle=\"max-width:100%;\"\n\t\t\t\t\/>\n\t\t\t<\/a>\n\t\t<\/div>\n\t\t\t\t\t\t\t<\/div> \n\t\t\t\n\t\n\t<br style=\"clear: both\" \/>\n\n\t\t<div class=\"slideshowlink\">\n\t\t<a href='https:\/\/1800restaurante.com\/de\/a-la-carte\/nggallery\/slideshow'>[Show slideshow]<\/a>\n\t\t\n\t<\/div>\n\t\n\t\t<!-- Pagination -->\n\t\t<div class='ngg-clear'><\/div>\t<\/div>\n\n","protected":false},"excerpt":{"rendered":"<p>Distingue el servicio a la carta por la elaboraci\u00f3n \u201ca la orden\u201d del pedido y la calidad de su elaboraci\u00f3n. En ella, el cliente podr\u00e1 encontrar variados platos de la cocina cubana, camag\u00fceyana e internacional.<\/p>\n","protected":false},"author":2,"featured_media":263,"parent":0,"menu_order":0,"comment_status":"closed","ping_status":"closed","template":"","meta":{"ngg_post_thumbnail":0,"footnotes":""},"class_list":["post-212","page","type-page","status-publish","has-post-thumbnail","hentry"],"yoast_head":"<!-- This site is optimized with the Yoast SEO plugin v21.7 - https:\/\/yoast.com\/wordpress\/plugins\/seo\/ -->\n<title>Men\u00fa A la carte del restaurante<\/title>\n<meta name=\"robots\" content=\"index, follow, max-snippet:-1, max-image-preview:large, max-video-preview:-1\" \/>\n<link rel=\"canonical\" href=\"https:\/\/1800restaurante.com\/a-la-carte\/\" \/>\n<meta property=\"og:locale\" content=\"de_DE\" \/>\n<meta property=\"og:type\" content=\"article\" \/>\n<meta property=\"og:title\" content=\"Men\u00fa A la carte del restaurante\" \/>\n<meta property=\"og:description\" content=\"Distingue el servicio a la carta por la elaboraci\u00f3n \u201ca la orden\u201d del pedido y la calidad de su elaboraci\u00f3n. En ella, el cliente podr\u00e1 encontrar variados platos de la cocina cubana, camag\u00fceyana e internacional.\" \/>\n<meta property=\"og:url\" content=\"https:\/\/1800restaurante.com\/a-la-carte\/\" \/>\n<meta property=\"og:site_name\" content=\"Restaurante 1800. Camaguey, Cuba\" \/>\n<meta property=\"article:publisher\" content=\"https:\/\/www.facebook.com\/restaurant1800\/\" \/>\n<meta property=\"article:modified_time\" content=\"2017-07-14T14:29:24+00:00\" \/>\n<meta property=\"og:image\" content=\"https:\/\/1800restaurante.com\/wp-content\/uploads\/ngg_featured\/IMG_6518.JPG\" \/>\n\t<meta property=\"og:image:width\" content=\"1920\" \/>\n\t<meta property=\"og:image:height\" content=\"1280\" \/>\n\t<meta property=\"og:image:type\" content=\"image\/jpeg\" \/>\n<meta name=\"twitter:card\" content=\"summary_large_image\" \/>\n<meta name=\"twitter:site\" content=\"@1800Restaurante\" \/>\n<script type=\"application\/ld+json\" class=\"yoast-schema-graph\">{\"@context\":\"https:\/\/schema.org\",\"@graph\":[{\"@type\":\"WebPage\",\"@id\":\"https:\/\/1800restaurante.com\/a-la-carte\/\",\"url\":\"https:\/\/1800restaurante.com\/a-la-carte\/\",\"name\":\"Men\u00fa A la carte del restaurante\",\"isPartOf\":{\"@id\":\"https:\/\/1800restaurante.com\/#website\"},\"datePublished\":\"2017-07-13T14:51:58+00:00\",\"dateModified\":\"2017-07-14T14:29:24+00:00\",\"breadcrumb\":{\"@id\":\"https:\/\/1800restaurante.com\/a-la-carte\/#breadcrumb\"},\"inLanguage\":\"de\",\"potentialAction\":[{\"@type\":\"ReadAction\",\"target\":[\"https:\/\/1800restaurante.com\/a-la-carte\/\"]}]},{\"@type\":\"BreadcrumbList\",\"@id\":\"https:\/\/1800restaurante.com\/a-la-carte\/#breadcrumb\",\"itemListElement\":[{\"@type\":\"ListItem\",\"position\":1,\"name\":\"Home\",\"item\":\"https:\/\/1800restaurante.com\/\"},{\"@type\":\"ListItem\",\"position\":2,\"name\":\"A la carte\"}]},{\"@type\":\"WebSite\",\"@id\":\"https:\/\/1800restaurante.com\/#website\",\"url\":\"https:\/\/1800restaurante.com\/\",\"name\":\"Restaurante 1800. Camaguey, Cuba\",\"description\":\"Style and history\",\"publisher\":{\"@id\":\"https:\/\/1800restaurante.com\/#organization\"},\"potentialAction\":[{\"@type\":\"SearchAction\",\"target\":{\"@type\":\"EntryPoint\",\"urlTemplate\":\"https:\/\/1800restaurante.com\/?s={search_term_string}\"},\"query-input\":\"required name=search_term_string\"}],\"inLanguage\":\"de\"},{\"@type\":\"Organization\",\"@id\":\"https:\/\/1800restaurante.com\/#organization\",\"name\":\"Restaurante 1800\",\"url\":\"https:\/\/1800restaurante.com\/\",\"logo\":{\"@type\":\"ImageObject\",\"inLanguage\":\"de\",\"@id\":\"https:\/\/1800restaurante.com\/#\/schema\/logo\/image\/\",\"url\":\"https:\/\/1800restaurante.com\/wp-content\/uploads\/2017\/05\/logo.png\",\"contentUrl\":\"https:\/\/1800restaurante.com\/wp-content\/uploads\/2017\/05\/logo.png\",\"width\":224,\"height\":200,\"caption\":\"Restaurante 1800\"},\"image\":{\"@id\":\"https:\/\/1800restaurante.com\/#\/schema\/logo\/image\/\"},\"sameAs\":[\"https:\/\/www.facebook.com\/restaurant1800\/\",\"https:\/\/twitter.com\/1800Restaurante\",\"https:\/\/www.instagram.com\/restaurante1800\",\"https:\/\/www.linkedin.com\/company-beta\/24775434\/\",\"https:\/\/www.youtube.com\/channel\/UChTXSI8n1f-Dd-n_CtqXHfA\"]}]}<\/script>\n<!-- \/ Yoast SEO plugin. -->","yoast_head_json":{"title":"Men\u00fa A la carte del restaurante","robots":{"index":"index","follow":"follow","max-snippet":"max-snippet:-1","max-image-preview":"max-image-preview:large","max-video-preview":"max-video-preview:-1"},"canonical":"https:\/\/1800restaurante.com\/a-la-carte\/","og_locale":"de_DE","og_type":"article","og_title":"Men\u00fa A la carte del restaurante","og_description":"Distingue el servicio a la carta por la elaboraci\u00f3n \u201ca la orden\u201d del pedido y la calidad de su elaboraci\u00f3n. En ella, el cliente podr\u00e1 encontrar variados platos de la cocina cubana, camag\u00fceyana e internacional.","og_url":"https:\/\/1800restaurante.com\/a-la-carte\/","og_site_name":"Restaurante 1800. Camaguey, Cuba","article_publisher":"https:\/\/www.facebook.com\/restaurant1800\/","article_modified_time":"2017-07-14T14:29:24+00:00","og_image":[{"width":1920,"height":1280,"url":"https:\/\/1800restaurante.com\/wp-content\/uploads\/ngg_featured\/IMG_6518.JPG","type":"image\/jpeg"}],"twitter_card":"summary_large_image","twitter_site":"@1800Restaurante","schema":{"@context":"https:\/\/schema.org","@graph":[{"@type":"WebPage","@id":"https:\/\/1800restaurante.com\/a-la-carte\/","url":"https:\/\/1800restaurante.com\/a-la-carte\/","name":"Men\u00fa A la carte del restaurante","isPartOf":{"@id":"https:\/\/1800restaurante.com\/#website"},"datePublished":"2017-07-13T14:51:58+00:00","dateModified":"2017-07-14T14:29:24+00:00","breadcrumb":{"@id":"https:\/\/1800restaurante.com\/a-la-carte\/#breadcrumb"},"inLanguage":"de","potentialAction":[{"@type":"ReadAction","target":["https:\/\/1800restaurante.com\/a-la-carte\/"]}]},{"@type":"BreadcrumbList","@id":"https:\/\/1800restaurante.com\/a-la-carte\/#breadcrumb","itemListElement":[{"@type":"ListItem","position":1,"name":"Home","item":"https:\/\/1800restaurante.com\/"},{"@type":"ListItem","position":2,"name":"A la carte"}]},{"@type":"WebSite","@id":"https:\/\/1800restaurante.com\/#website","url":"https:\/\/1800restaurante.com\/","name":"Restaurante 1800. Camaguey, Cuba","description":"Style and history","publisher":{"@id":"https:\/\/1800restaurante.com\/#organization"},"potentialAction":[{"@type":"SearchAction","target":{"@type":"EntryPoint","urlTemplate":"https:\/\/1800restaurante.com\/?s={search_term_string}"},"query-input":"required name=search_term_string"}],"inLanguage":"de"},{"@type":"Organization","@id":"https:\/\/1800restaurante.com\/#organization","name":"Restaurante 1800","url":"https:\/\/1800restaurante.com\/","logo":{"@type":"ImageObject","inLanguage":"de","@id":"https:\/\/1800restaurante.com\/#\/schema\/logo\/image\/","url":"https:\/\/1800restaurante.com\/wp-content\/uploads\/2017\/05\/logo.png","contentUrl":"https:\/\/1800restaurante.com\/wp-content\/uploads\/2017\/05\/logo.png","width":224,"height":200,"caption":"Restaurante 1800"},"image":{"@id":"https:\/\/1800restaurante.com\/#\/schema\/logo\/image\/"},"sameAs":["https:\/\/www.facebook.com\/restaurant1800\/","https:\/\/twitter.com\/1800Restaurante","https:\/\/www.instagram.com\/restaurante1800","https:\/\/www.linkedin.com\/company-beta\/24775434\/","https:\/\/www.youtube.com\/channel\/UChTXSI8n1f-Dd-n_CtqXHfA"]}]}},"_links":{"self":[{"href":"https:\/\/1800restaurante.com\/de\/wp-json\/wp\/v2\/pages\/212","targetHints":{"allow":["GET"]}}],"collection":[{"href":"https:\/\/1800restaurante.com\/de\/wp-json\/wp\/v2\/pages"}],"about":[{"href":"https:\/\/1800restaurante.com\/de\/wp-json\/wp\/v2\/types\/page"}],"author":[{"embeddable":true,"href":"https:\/\/1800restaurante.com\/de\/wp-json\/wp\/v2\/users\/2"}],"replies":[{"embeddable":true,"href":"https:\/\/1800restaurante.com\/de\/wp-json\/wp\/v2\/comments?post=212"}],"version-history":[{"count":1,"href":"https:\/\/1800restaurante.com\/de\/wp-json\/wp\/v2\/pages\/212\/revisions"}],"predecessor-version":[{"id":213,"href":"https:\/\/1800restaurante.com\/de\/wp-json\/wp\/v2\/pages\/212\/revisions\/213"}],"wp:featuredmedia":[{"embeddable":true,"href":"https:\/\/1800restaurante.com\/de\/wp-json\/wp\/v2\/media\/263"}],"wp:attachment":[{"href":"https:\/\/1800restaurante.com\/de\/wp-json\/wp\/v2\/media?parent=212"}],"curies":[{"name":"wp","href":"https:\/\/api.w.org\/{rel}","templated":true}]}}